{"id":4444,"date":"2018-03-26T14:35:30","date_gmt":"2018-03-26T18:35:30","guid":{"rendered":"http:\/\/www.dsdinternational.net\/fr\/?page_id=4444"},"modified":"2018-04-03T13:17:52","modified_gmt":"2018-04-03T17:17:52","slug":"tuiles-6-x-6","status":"publish","type":"page","link":"https:\/\/www.dsdinternational.net\/fr\/nos-produits\/tuiles-multiusages\/tuiles-6x6\/","title":{"rendered":"Tuiles 6&#8243; X 6&#8243;"},"content":{"rendered":"<div class=\"row-fluid\">\n<div class=\"span6\"><img loading=\"lazy\" decoding=\"async\" class=\"size-full wp-image-4427\" src=\"http:\/\/www.dsdinternational.net\/wp-content\/uploads\/products_tile6x6.jpg\" alt=\"\" width=\"420\" height=\"420\" \/><\/div>\n<div class=\"span6\">\n<h3>Informations<\/h3>\n<ul>\n<li>Dimension: 6\" x 6\"<\/li>\n<li>\u00c9paisseur: 0.5\"<\/li>\n<li>Disponible en 2 mat\u00e9riels diff\u00e9rents<\/li>\n<li>Disponible en 4 textures diff\u00e9rentes<\/li>\n<li>Disponible en 13 couleurs diff\u00e9rentes<\/li>\n<li>12 attaches par tuile pour une force de fixation et une stabilit\u00e9 maximale<\/li>\n<\/ul>\n<p><strong>Permet de faire des lignes de jeux beaucoup plus d\u00e9finies et d\u2019interverrouiller les tuiles, limitant ainsi la friction pour r\u00e9duire les risques d\u2019usure pr\u00e9matur\u00e9e, id\u00e9al pour les installations \u00e0 l\u2019int\u00e9rieur.<\/strong><\/p>\n<a style=\"margin-top: 25px;\" class=\"boutonDSD\" href=\"\/fr\/nos-produits\/tuiles-multiusages\/#produits\" target=\"_parent\" rel=\"noopener noreferrer\">Voir nos autres produits<\/a>\n<\/div>\n<\/div>\n<div class=\"clear\"><\/div>\n<hr \/>\n<h3 class=\"aligncenter\">Mat\u00e9riel<\/h3>\n<div class=\"row-fluid\">\n<div class=\"span6\">\n<h4>Polypropyl\u00e8ne<\/h4>\n<table class=\"sku-table\">\n<tbody>\n<tr class=\"header-table\">\n<td>Textures<\/td>\n<td>Codes<\/td>\n<\/tr>\n<tr>\n<td>Lisse<\/td>\n<td>061-code de couleur<\/td>\n<\/tr>\n<tr>\n<td>Interm\u00e9diaire<\/td>\n<td>063-code de couleur<\/td>\n<\/tr>\n<tr>\n<td>Intense<\/td>\n<td>068-code de couleur<\/td>\n<\/tr>\n<tr>\n<td>Pleine<\/td>\n<td>060-code de couleur<\/td>\n<\/tr>\n<\/tbody>\n<\/table>\n<\/div>\n<div class=\"span6\">\n<h4>\u00c9lastom\u00e8re<\/h4>\n<table class=\"sku-table\">\n<tbody>\n<tr class=\"header-table\">\n<td>Textures<\/td>\n<td>Codes<\/td>\n<\/tr>\n<tr>\n<td>Lisse<\/td>\n<td>061S-code de couleur<\/td>\n<\/tr>\n<tr>\n<td>Interm\u00e9diaire<\/td>\n<td>063S-code de couleur<\/td>\n<\/tr>\n<tr>\n<td>Intense<\/td>\n<td>068S-code de couleur<\/td>\n<\/tr>\n<tr>\n<td>Pleine<\/td>\n<td>060S-code de couleur<\/td>\n<\/tr>\n<\/tbody>\n<\/table>\n<\/div>\n<\/div>\n<div class=\"clear\"><\/div>\n<hr \/>\n<h3 class=\"aligncenter\">Codes de couleurs<\/h3>\r\n\r\n<div class=\"aligncenter row-fluid\">\r\n\r\n<div class=\"span2\">\r\n<a href=\"\/wp-content\/uploads\/tile-color-black.jpg\" target=\"_blank\" rel=\"noopener noreferrer\"><img loading=\"lazy\" decoding=\"async\" class=\"aligncenter border-gray\" src=\"\/wp-content\/uploads\/tile-color-black.jpg\" alt=\"Noir\" width=\"100\" height=\"100\" \/><\/a>\r\n<div class=\"aligncenter\">\r\n<h6>Noir<\/h6>\r\nCode: BK\r\n<\/div>\r\n<\/div>\r\n\r\n<div class=\"span2\">\r\n<a href=\"\/wp-content\/uploads\/tile-color-navy-blue.jpg\" target=\"_blank\" rel=\"noopener noreferrer\"><img loading=\"lazy\" decoding=\"async\" class=\"aligncenter border-gray\" src=\"\/wp-content\/uploads\/tile-color-navy-blue.jpg\" alt=\"Bleu marin\" width=\"100\" height=\"100\" \/><\/a>\r\n<div class=\"aligncenter\">\r\n<h6>Bleu marin<\/h6>\r\nCode: BL282C\r\n<\/div>\r\n<\/div>\r\n\r\n<div class=\"span2\">\r\n<a href=\"\/wp-content\/uploads\/tile-color-royal-blue.jpg\" target=\"_blank\" rel=\"noopener noreferrer\"><img loading=\"lazy\" decoding=\"async\" class=\"aligncenter border-gray\" src=\"\/wp-content\/uploads\/tile-color-royal-blue.jpg\" alt=\"Bleu royal\" width=\"100\" height=\"100\" \/><\/a>\r\n<div class=\"aligncenter\">\r\n<h6>Bleu royal<\/h6>\r\nCode: BL2728C\r\n<\/div>\r\n<\/div>\r\n\r\n<div class=\"span2\">\r\n<a href=\"\/wp-content\/uploads\/tile-color-sky-blue.jpg\" target=\"_blank\" rel=\"noopener noreferrer\"><img loading=\"lazy\" decoding=\"async\" class=\"aligncenter border-gray\" src=\"\/wp-content\/uploads\/tile-color-sky-blue.jpg\" alt=\"Bleu ciel\" width=\"100\" height=\"100\" \/><\/a>\r\n<div class=\"aligncenter\">\r\n<h6>Bleu ciel<\/h6>\r\nCode : BL2905C\r\n<\/div>\r\n<\/div>\r\n\r\n<div class=\"span2\">\r\n<a href=\"\/wp-content\/uploads\/tile-color-green.jpg\" target=\"_blank\" rel=\"noopener noreferrer\"><img loading=\"lazy\" decoding=\"async\" class=\"aligncenter border-gray\" src=\"\/wp-content\/uploads\/tile-color-green.jpg\" alt=\"Vert\" width=\"100\" height=\"100\" \/><\/a>\r\n<div class=\"aligncenter\">\r\n<h6>Vert<\/h6>\r\nCode: GN341C\r\n<\/div>\r\n<\/div>\r\n\r\n<div class=\"span2\">\r\n<a href=\"\/wp-content\/uploads\/tile-color-forest-green.jpg\" target=\"_blank\" rel=\"noopener noreferrer\"><img loading=\"lazy\" decoding=\"async\" class=\"aligncenter border-gray\" src=\"\/wp-content\/uploads\/tile-color-forest-green.jpg\" alt=\"Vert for\u00eat\" width=\"100\" height=\"100\" \/><\/a>\r\n<div class=\"aligncenter\">\r\n<h6>Vert for\u00eat<\/h6>\r\nCode: GN3305C\r\n<\/div>\r\n<\/div>\r\n\r\n<\/div>\r\n<div class=\"clear\"><\/div>\r\n\r\n<div class=\"aligncenter row-fluid\">\r\n\r\n<div class=\"span2\">\r\n<a href=\"\/wp-content\/uploads\/tile-color-charcoal.jpg\" target=\"_blank\" rel=\"noopener noreferrer\"><img loading=\"lazy\" decoding=\"async\" class=\"aligncenter border-gray\" src=\"\/wp-content\/uploads\/tile-color-charcoal.jpg\" alt=\"Charcoal\" width=\"100\" height=\"100\" \/><\/a>\r\n<div class=\"aligncenter\">\r\n<h6>Charcoal<\/h6>\r\nCode: GY425C\r\n<\/div>\r\n<\/div>\r\n\r\n<div class=\"span2\">\r\n<a href=\"\/wp-content\/uploads\/tile-color-orange.jpg\" target=\"_blank\" rel=\"noopener noreferrer\"><img loading=\"lazy\" decoding=\"async\" class=\"aligncenter border-gray\" src=\"\/wp-content\/uploads\/tile-color-orange.jpg\" alt=\"Orange\" width=\"100\" height=\"100\" \/><\/a>\r\n<div class=\"aligncenter\">\r\n<h6>Orange<\/h6>\r\nCode: OR021C\r\n<\/div>\r\n<\/div>\r\n\r\n<div class=\"span2\">\r\n<a href=\"\/wp-content\/uploads\/tile-color-burgundy.jpg\" target=\"_blank\" rel=\"noopener noreferrer\"><img loading=\"lazy\" decoding=\"async\" class=\"aligncenter border-gray\" src=\"\/wp-content\/uploads\/tile-color-burgundy.jpg\" alt=\"Bourgogne\" width=\"100\" height=\"100\" \/><\/a>\r\n<div class=\"aligncenter\">\r\n<h6>Bourgogne<\/h6>\r\nCode: RD188C\r\n<\/div>\r\n<\/div>\r\n\r\n<div class=\"span2\">\r\n<a href=\"\/wp-content\/uploads\/tile-color-light-red.jpg\" target=\"_blank\" rel=\"noopener noreferrer\"><img loading=\"lazy\" decoding=\"async\" class=\"aligncenter border-gray\" src=\"\/wp-content\/uploads\/tile-color-light-red.jpg\" alt=\"Rouge clair\" width=\"100\" height=\"100\" \/><\/a>\r\n<div class=\"aligncenter\">\r\n<h6>Rouge clair<\/h6>\r\nCode : RD1797C\r\n<\/div>\r\n<\/div>\r\n\r\n<div class=\"span2\">\r\n<a href=\"\/wp-content\/uploads\/tile-color-white.jpg\" target=\"_blank\" rel=\"noopener noreferrer\"><img loading=\"lazy\" decoding=\"async\" class=\"aligncenter border-gray\" src=\"\/wp-content\/uploads\/tile-color-white.jpg\" alt=\"Blanc\" width=\"100\" height=\"100\" \/><\/a>\r\n<div class=\"aligncenter\">\r\n<h6>Blanc<\/h6>\r\nCode: WH\r\n<\/div>\r\n<\/div>\r\n\r\n<div class=\"span2\">\r\n<a href=\"\/wp-content\/uploads\/tile-color-yellow.jpg\" target=\"_blank\" rel=\"noopener noreferrer\"><img loading=\"lazy\" decoding=\"async\" class=\"aligncenter border-gray\" src=\"\/wp-content\/uploads\/tile-color-yellow.jpg\" alt=\"Jaune\" width=\"100\" height=\"100\" \/><\/a>\r\n<div class=\"aligncenter\">\r\n<h6>Jaune<\/h6>\r\nCode: YL114C\r\n<\/div>\r\n<\/div>\r\n\r\n<\/div>\r\n<div class=\"clear\"><\/div>\r\n\r\n<div class=\"aligncenter row-fluid\">\r\n\r\n<div class=\"span2\">\r\n<a href=\"\/wp-content\/uploads\/tile-color-medium-gray.jpg\" target=\"_blank\" rel=\"noopener noreferrer\"><img loading=\"lazy\" decoding=\"async\" class=\"aligncenter border-gray\" src=\"\/wp-content\/uploads\/tile-color-medium-gray.jpg\" alt=\"Gris moyen\" width=\"100\" height=\"100\" \/><\/a>\r\n<div class=\"aligncenter\">\r\n<h6>Gris moyen<\/h6>\r\nCode: GY430C\r\n<\/div>\r\n<\/div>\r\n\r\n<\/div>\r\n<div class=\"clear\"><\/div>\n<h4>Couleurs sur mesure<\/h4>\r\nLes tuiles peuvent \u00eatre personnalis\u00e9es selon les couleurs Pantone\u00ae *\r\n<p>(quantit\u00e9 min. requises*)<\/p>\r\n<p>La repr\u00e9sentation des couleurs \u00e0 l\u2019\u00e9cran et imprim\u00e9e peut diff\u00e9rer des couleurs r\u00e9elles.<\/p>\n<a style=\"margin-top: 25px;\" class=\"boutonDSD\" href=\"\/fr\/nos-produits\/tuiles-multiusages\/demande-echantillons-tuiles\/\" target=\"_parent\" rel=\"noopener noreferrer\">Demander des \u00e9chantillons<\/a>","protected":false},"excerpt":{"rendered":"<p>Informations Dimension: 6\" x 6\" \u00c9paisseur: 0.5\" Disponible en 2 mat\u00e9riels diff\u00e9rents Disponible en 4 textures diff\u00e9rentes Disponible en 13 couleurs diff\u00e9rentes 12 attaches par tuile pour une force de fixation et une stabilit\u00e9 maximale Permet de faire des lignes de jeux beaucoup plus d\u00e9finies et d\u2019interverrouiller les tuiles, limitant ainsi la friction pour r\u00e9duire les risques d\u2019usure pr\u00e9matur\u00e9e, id\u00e9al&nbsp;<a href=\"https:\/\/www.dsdinternational.net\/fr\/nos-produits\/tuiles-multiusages\/tuiles-6x6\/\" class=\"read-more\">Lire la suite<\/a><\/p>\n","protected":false},"author":1,"featured_media":0,"parent":3304,"menu_order":0,"comment_status":"closed","ping_status":"closed","template":"page-fullwidth.php","meta":{"footnotes":""},"class_list":["post-4444","page","type-page","status-publish","hentry"],"_links":{"self":[{"href":"https:\/\/www.dsdinternational.net\/fr\/wp-json\/wp\/v2\/pages\/4444","targetHints":{"allow":["GET"]}}],"collection":[{"href":"https:\/\/www.dsdinternational.net\/fr\/wp-json\/wp\/v2\/pages"}],"about":[{"href":"https:\/\/www.dsdinternational.net\/fr\/wp-json\/wp\/v2\/types\/page"}],"author":[{"embeddable":true,"href":"https:\/\/www.dsdinternational.net\/fr\/wp-json\/wp\/v2\/users\/1"}],"replies":[{"embeddable":true,"href":"https:\/\/www.dsdinternational.net\/fr\/wp-json\/wp\/v2\/comments?post=4444"}],"version-history":[{"count":0,"href":"https:\/\/www.dsdinternational.net\/fr\/wp-json\/wp\/v2\/pages\/4444\/revisions"}],"up":[{"embeddable":true,"href":"https:\/\/www.dsdinternational.net\/fr\/wp-json\/wp\/v2\/pages\/3304"}],"wp:attachment":[{"href":"https:\/\/www.dsdinternational.net\/fr\/wp-json\/wp\/v2\/media?parent=4444"}],"curies":[{"name":"wp","href":"https:\/\/api.w.org\/{rel}","templated":true}]}}