{"id":3646,"date":"2017-02-09T11:26:39","date_gmt":"2017-02-09T16:26:39","guid":{"rendered":"http:\/\/www.dsdinternational.net\/fr\/?page_id=3646"},"modified":"2023-01-06T14:04:05","modified_gmt":"2023-01-06T19:04:05","slug":"points-de-vente","status":"publish","type":"page","link":"https:\/\/www.dsdinternational.net\/fr\/nos-produits\/tuiles-multiusages\/distributeurs\/","title":{"rendered":"Distributeurs"},"content":{"rendered":"<h2>Nos distributeurs au Canada<\/h2>\n<p>Vous d\u00e9sirez davantage d'informations sur nos tuiles, communiquez avec un de nos repr\u00e9sentants.<\/p>\n<p><!--\n\n\n<h3>DSD INTERNATIONAL<\/h3>\n\n\nT\u00e9l. : 888 334-8001  | T\u00e9l\u00e9c. : 888 334-8005\n2515 chemin de l'A\u00e9roport,  Thetford Mines, (QC) G6G 5R7\n<a href=\"https:\/\/www.dsdinternational.net\" target=\"parent\" rel=\"noopener noreferrer\">www.dsdinternational.net<\/a>\n--><\/p>\n<h3>DAVID THIBEAULT<br \/>\nANDR\u00c9 MARTINEAU<\/h3>\n<p>DEK Hockey Court<br \/>\nGestion 4411 Qu\u00e9bec Inc.<br \/>\nT\u00e9l. : 418 814-4488<br \/>\ndekhockeycourt@outlook.com<br \/>\n<a href=\"https:\/\/dekhockeycourt.ca\" target=\"_blank\" rel=\"noopener noreferrer\">www.dekhockeycourt.ca<\/a><br \/>","protected":false},"excerpt":{"rendered":"<p>Nos distributeurs au Canada Vous d\u00e9sirez davantage d'informations sur nos tuiles, communiquez avec un de nos repr\u00e9sentants. DAVID THIBEAULT ANDR\u00c9 MARTINEAU DEK Hockey Court Gestion 4411 Qu\u00e9bec Inc. T\u00e9l. : 418 814-4488 dekhockeycourt@outlook.com www.dekhockeycourt.ca<\/p>\n","protected":false},"author":1,"featured_media":0,"parent":3304,"menu_order":0,"comment_status":"closed","ping_status":"closed","template":"page-fullwidth.php","meta":{"footnotes":""},"class_list":["post-3646","page","type-page","status-publish","hentry"],"_links":{"self":[{"href":"https:\/\/www.dsdinternational.net\/fr\/wp-json\/wp\/v2\/pages\/3646","targetHints":{"allow":["GET"]}}],"collection":[{"href":"https:\/\/www.dsdinternational.net\/fr\/wp-json\/wp\/v2\/pages"}],"about":[{"href":"https:\/\/www.dsdinternational.net\/fr\/wp-json\/wp\/v2\/types\/page"}],"author":[{"embeddable":true,"href":"https:\/\/www.dsdinternational.net\/fr\/wp-json\/wp\/v2\/users\/1"}],"replies":[{"embeddable":true,"href":"https:\/\/www.dsdinternational.net\/fr\/wp-json\/wp\/v2\/comments?post=3646"}],"version-history":[{"count":0,"href":"https:\/\/www.dsdinternational.net\/fr\/wp-json\/wp\/v2\/pages\/3646\/revisions"}],"up":[{"embeddable":true,"href":"https:\/\/www.dsdinternational.net\/fr\/wp-json\/wp\/v2\/pages\/3304"}],"wp:attachment":[{"href":"https:\/\/www.dsdinternational.net\/fr\/wp-json\/wp\/v2\/media?parent=3646"}],"curies":[{"name":"wp","href":"https:\/\/api.w.org\/{rel}","templated":true}]}}