{"id":3491,"date":"2017-02-08T11:30:20","date_gmt":"2017-02-08T16:30:20","guid":{"rendered":"http:\/\/www.dsdinternational.net\/fr\/?page_id=3491"},"modified":"2017-06-26T15:18:45","modified_gmt":"2017-06-26T19:18:45","slug":"garantie-des-tuiles-dsd","status":"publish","type":"page","link":"https:\/\/www.dsdinternational.net\/fr\/nos-produits\/tuiles-multiusages\/tuiles-garantie\/","title":{"rendered":"Garantie des tuiles"},"content":{"rendered":"Les tuiles multiusages DSD disposent d\u2019une garantie limit\u00e9e de 15 ans \u00e0 l\u2019acheteur d\u2019origine garantissant qu\u2019elles sont sans d\u00e9faut de mat\u00e9riaux et de fabrication. Le mot \u201cd\u00e9faut\u201d est d\u00e9fini comme \u00e9tant les imperfections qui nuisent \u00e0 l\u2019utilisation du produit. Les d\u00e9fauts r\u00e9sultant d'une mauvaise utilisation, d'abus ou de n\u00e9gligence annulent cette garantie. Cette garantie ne couvre pas les d\u00e9fauts dus \u00e0 une alt\u00e9ration ou un accident.<\/p>\n<p>Cette garantie ne couvre pas les dommages caus\u00e9s par le vandalisme ou \u00abactes de Dieu\u00bb ou tout autre \u00e9v\u00e9nement hors du contr\u00f4le du fabricant. Voir Annexe A pour les d\u00e9tails de la garantie.<\/p>\n<p><a href=\"\/wp-content\/uploads\/dsd-docs\/DSDinternational-GarantieTuiles_2017-06-26.pdf\" target=\"_blank\">Consulter la garantie compl\u00e8te des tuiles<\/a><br \/>\nDerni\u00e8res mises \u00e0 jour : 26 juin 2017","protected":false},"excerpt":{"rendered":"<p>Les tuiles multiusages DSD disposent d\u2019une garantie limit\u00e9e de 15 ans \u00e0 l\u2019acheteur d\u2019origine garantissant qu\u2019elles sont sans d\u00e9faut de mat\u00e9riaux et de fabrication. Le mot \u201cd\u00e9faut\u201d est d\u00e9fini comme \u00e9tant les imperfections qui nuisent \u00e0 l\u2019utilisation du produit. Les d\u00e9fauts r\u00e9sultant d'une mauvaise utilisation, d'abus ou de n\u00e9gligence annulent cette garantie. Cette garantie ne couvre pas les d\u00e9fauts dus&nbsp;<a href=\"https:\/\/www.dsdinternational.net\/fr\/nos-produits\/tuiles-multiusages\/tuiles-garantie\/\" class=\"read-more\">Lire la suite<\/a><\/p>\n","protected":false},"author":1,"featured_media":0,"parent":3304,"menu_order":0,"comment_status":"closed","ping_status":"closed","template":"page-fullwidth.php","meta":{"footnotes":""},"class_list":["post-3491","page","type-page","status-publish","hentry"],"_links":{"self":[{"href":"https:\/\/www.dsdinternational.net\/fr\/wp-json\/wp\/v2\/pages\/3491","targetHints":{"allow":["GET"]}}],"collection":[{"href":"https:\/\/www.dsdinternational.net\/fr\/wp-json\/wp\/v2\/pages"}],"about":[{"href":"https:\/\/www.dsdinternational.net\/fr\/wp-json\/wp\/v2\/types\/page"}],"author":[{"embeddable":true,"href":"https:\/\/www.dsdinternational.net\/fr\/wp-json\/wp\/v2\/users\/1"}],"replies":[{"embeddable":true,"href":"https:\/\/www.dsdinternational.net\/fr\/wp-json\/wp\/v2\/comments?post=3491"}],"version-history":[{"count":0,"href":"https:\/\/www.dsdinternational.net\/fr\/wp-json\/wp\/v2\/pages\/3491\/revisions"}],"up":[{"embeddable":true,"href":"https:\/\/www.dsdinternational.net\/fr\/wp-json\/wp\/v2\/pages\/3304"}],"wp:attachment":[{"href":"https:\/\/www.dsdinternational.net\/fr\/wp-json\/wp\/v2\/media?parent=3491"}],"curies":[{"name":"wp","href":"https:\/\/api.w.org\/{rel}","templated":true}]}}