{"id":3458,"date":"2017-02-07T12:57:43","date_gmt":"2017-02-07T17:57:43","guid":{"rendered":"http:\/\/www.dsdinternational.net\/fr\/?page_id=3458"},"modified":"2018-08-09T11:49:39","modified_gmt":"2018-08-09T15:49:39","slug":"videos-tuiles","status":"publish","type":"page","link":"https:\/\/www.dsdinternational.net\/fr\/nos-produits\/tuiles-multiusages\/videos-surfaces\/","title":{"rendered":"Vid\u00e9os de surfaces"},"content":{"rendered":"<h3>D\u00e9sinstallation de tuiles<\/h3>\n<p>\u00c0 quelle vitesse est rapide? Vous pouvez d\u00e9monter des tuiles en un \u00e9clair, avec juste un manche \u00e0 balai! Regardez cette vid\u00e9o, mais ne clignotez pas les yeux!<\/p>\n<div class=\"video-wrapper marginbottom-20\">\n<h4>Surface compl\u00e8te<\/h4>\n<div class=\"video-container\"><iframe loading=\"lazy\" src=\"https:\/\/www.youtube.com\/embed\/Sid1g2Krnn4?rel=0&amp;showinfo=0\" width=\"800\" height=\"450\" frameborder=\"0\"><\/iframe><\/div>\n<\/div>\n<div style=\"margin-top:20px; margin-bottom:20px;\">\n<div>\n<div class=\"video-wrapper marginbottom-20\">\n<h4>Quelques tuiles<\/h4>\n<div class=\"video-container\"><iframe loading=\"lazy\" src=\"https:\/\/www.youtube.com\/embed\/VnzT2YuTOlE?rel=0&showinfo=0\" width=\"800\" height=\"450\" frameborder=\"0\"><\/iframe><\/div>\n<\/div>","protected":false},"excerpt":{"rendered":"<p>D\u00e9sinstallation de tuiles \u00c0 quelle vitesse est rapide? Vous pouvez d\u00e9monter des tuiles en un \u00e9clair, avec juste un manche \u00e0 balai! Regardez cette vid\u00e9o, mais ne clignotez pas les yeux! Surface compl\u00e8te Quelques tuiles<\/p>\n","protected":false},"author":1,"featured_media":0,"parent":3304,"menu_order":0,"comment_status":"closed","ping_status":"closed","template":"page-fullwidth.php","meta":{"footnotes":""},"class_list":["post-3458","page","type-page","status-publish","hentry"],"_links":{"self":[{"href":"https:\/\/www.dsdinternational.net\/fr\/wp-json\/wp\/v2\/pages\/3458","targetHints":{"allow":["GET"]}}],"collection":[{"href":"https:\/\/www.dsdinternational.net\/fr\/wp-json\/wp\/v2\/pages"}],"about":[{"href":"https:\/\/www.dsdinternational.net\/fr\/wp-json\/wp\/v2\/types\/page"}],"author":[{"embeddable":true,"href":"https:\/\/www.dsdinternational.net\/fr\/wp-json\/wp\/v2\/users\/1"}],"replies":[{"embeddable":true,"href":"https:\/\/www.dsdinternational.net\/fr\/wp-json\/wp\/v2\/comments?post=3458"}],"version-history":[{"count":0,"href":"https:\/\/www.dsdinternational.net\/fr\/wp-json\/wp\/v2\/pages\/3458\/revisions"}],"up":[{"embeddable":true,"href":"https:\/\/www.dsdinternational.net\/fr\/wp-json\/wp\/v2\/pages\/3304"}],"wp:attachment":[{"href":"https:\/\/www.dsdinternational.net\/fr\/wp-json\/wp\/v2\/media?parent=3458"}],"curies":[{"name":"wp","href":"https:\/\/api.w.org\/{rel}","templated":true}]}}