{"id":3289,"date":"2017-01-13T15:33:35","date_gmt":"2017-01-13T20:33:35","guid":{"rendered":"http:\/\/www.dsdinternational.net\/?page_id=3289"},"modified":"2024-07-15T13:03:34","modified_gmt":"2024-07-15T17:03:34","slug":"solution-daffichage","status":"publish","type":"page","link":"https:\/\/www.dsdinternational.net\/fr\/nos-produits\/solution-affichage\/","title":{"rendered":"Solution d&#8217;affichage"},"content":{"rendered":"<p><img decoding=\"async\" src=\"\/wp-content\/uploads\/Cat_Signage_2023.jpg\" alt=\"Solution d'affichage\"><\/p>\n<p><strong>L\u2019un des secteurs d\u2019activit\u00e9 desservi par DSD International Inc. est le secteur horticole. C\u2019est pourquoi nous avons une relation privil\u00e9gi\u00e9e avec les centres de jardins, p\u00e9pini\u00e8res et amants professionnels ou amateurs de plantes.<\/strong><\/p>\n<p>Nous avons d\u00e9velopp\u00e9 une gamme compl\u00e8te de supports pour fiches \u00ab Info-Stand \u00bb. Mod\u00e8les pour plante, table, palettes ...<br \/>","protected":false},"excerpt":{"rendered":"<p>L\u2019un des secteurs d\u2019activit\u00e9 desservi par DSD International Inc. est le secteur horticole. C\u2019est pourquoi nous avons une relation privil\u00e9gi\u00e9e avec les centres de jardins, p\u00e9pini\u00e8res et amants professionnels ou amateurs de plantes. Nous avons d\u00e9velopp\u00e9 une gamme compl\u00e8te de supports pour fiches \u00ab Info-Stand \u00bb. Mod\u00e8les pour plante, table, palettes ...<\/p>\n","protected":false},"author":1,"featured_media":0,"parent":1915,"menu_order":0,"comment_status":"closed","ping_status":"closed","template":"page-fullwidth.php","meta":{"footnotes":""},"class_list":["post-3289","page","type-page","status-publish","hentry"],"_links":{"self":[{"href":"https:\/\/www.dsdinternational.net\/fr\/wp-json\/wp\/v2\/pages\/3289","targetHints":{"allow":["GET"]}}],"collection":[{"href":"https:\/\/www.dsdinternational.net\/fr\/wp-json\/wp\/v2\/pages"}],"about":[{"href":"https:\/\/www.dsdinternational.net\/fr\/wp-json\/wp\/v2\/types\/page"}],"author":[{"embeddable":true,"href":"https:\/\/www.dsdinternational.net\/fr\/wp-json\/wp\/v2\/users\/1"}],"replies":[{"embeddable":true,"href":"https:\/\/www.dsdinternational.net\/fr\/wp-json\/wp\/v2\/comments?post=3289"}],"version-history":[{"count":0,"href":"https:\/\/www.dsdinternational.net\/fr\/wp-json\/wp\/v2\/pages\/3289\/revisions"}],"up":[{"embeddable":true,"href":"https:\/\/www.dsdinternational.net\/fr\/wp-json\/wp\/v2\/pages\/1915"}],"wp:attachment":[{"href":"https:\/\/www.dsdinternational.net\/fr\/wp-json\/wp\/v2\/media?parent=3289"}],"curies":[{"name":"wp","href":"https:\/\/api.w.org\/{rel}","templated":true}]}}