{"id":3282,"date":"2017-01-13T15:21:37","date_gmt":"2017-01-13T20:21:37","guid":{"rendered":"http:\/\/www.dsdinternational.net\/?page_id=3282"},"modified":"2017-01-27T10:57:10","modified_gmt":"2017-01-27T15:57:10","slug":"securite-et-environnement","status":"publish","type":"page","link":"https:\/\/www.dsdinternational.net\/fr\/nos-produits\/securite-environnement\/","title":{"rendered":"S\u00e9curit\u00e9 et environnement"},"content":{"rendered":"<p><img decoding=\"async\" src=\"\/wp-content\/uploads\/Cat_Security.jpg\" alt=\"S\u00e9curit\u00e9 et environnement\"\/><\/p>\n<p>Saviez-vous que l\u2019\u00e9vaporation d\u2019essence et les d\u00e9bordements sont en partie responsables du r\u00e9chauffement de la plan\u00e8te?<\/p>\n<p>Depuis 30 ans, DSD International Inc se sp\u00e9cialise dans la<strong> fabrication d\u2019une gamme de becs verseurs<\/strong> des plus <strong>\u00e9cologiques, performants et s\u00e9curitaires offert sur le march\u00e9<\/strong>, et ce, autant pour l\u2019<strong>essence<\/strong> que pour les <strong>produits chimiques<\/strong>. Nos becs verseurs vous permettent de voir \u00e0 l\u2019int\u00e9rieur du contenant \u00e0 remplir et ainsi arr\u00eater l'\u00e9coulement de l\u2019essence au niveau recommand\u00e9 par les manufacturiers de moteurs, <strong>pr\u00e9venant ainsi les risques de d\u00e9bordements et d\u2019explosion<\/strong>.<\/p>\n<p>\u00c0 noter que les becs verseurs manufactur\u00e9s par DSD International Inc poss\u00e8dent de plus un m\u00e9canisme d\u2019<strong>auto verrouillage<\/strong> :<\/p>\n<ul>\n<li>visant \u00e0 <strong>pr\u00e9venir les risques d\u2019accidents avec des enfants<\/strong>.<\/li>\n<li><strong>emp\u00eachant l\u2019ouverture de la valve en cas de chute du contenant<\/strong>, ces becs verseurs rendent ainsi le transport de contenants d\u2019essence beaucoup plus <strong>s\u00e9curitaire et propre<\/strong>, tout en permettant de <strong>r\u00e9duire les \u00e9manations nocives<\/strong>.<\/li>\n<\/ul>\n<p>Les becs Verseurs de DSD International Inc sont approuv\u00e9s pour vente aux \u00c9tats-Unis et <strong>rencontrent les normes am\u00e9ricaines du <em>California Air Ressource Act<\/em><\/strong>, normes les plus strictes \u00e0 l'\u00e9chelle mondiale en mati\u00e8re de protection de l\u2019air ambiant.<\/p>\n<p>Chez DSD la protection de l'environnement est une valeur qui nous tient r\u00e9ellement \u00e0 coeur!<\/p>\n<p>&nbsp;<\/p>\n<p><strong>Saviez-vous que?<\/strong><br \/>\nAvant la mise en place de r\u00e8gles am\u00e9ricaines du <em>California Air Ressource Act<\/em> r\u00e9glementant l\u2019utilisation de l\u2019essence dans les contenants portatifs :<\/p>\n<ul>\n<li>1 432 000 livres (716 tonnes) d\u2019essence \u00e9taient rel\u00e2ch\u00e9es dans l\u2019air ambiant chaque jour aux \u00c9tats-Unis provenant dans 74% des cas, de l\u2019\u00e9vaporation due \u00e0 l\u2019absence de bec verseur \u00e9tanche ou d\u2019un syst\u00e8me d\u2019entr\u00e9e d\u2019air ouvert sur les contenants \u00e0 essence, alors que 8% des \u00e9missions provenaient des d\u00e9bordements d\u2019essence.<\/li>\n<li>Les accidents en relation avec l\u2019utilisation de l\u2019essence (ex. ingestion, inhalation, explosions, etc.) \u00e9taient estim\u00e9s \u00e0 42,000 par an. La majorit\u00e9 de ces accidents ayant pu \u00eatre \u00e9vit\u00e9s selon l\u2019organisme <a href=\"http:\/\/www.pediatrics.org\" target=\"_blank\">www.pediatrics.org<\/a>, si les consommateurs avaient \u00e9t\u00e9 inform\u00e9s des caract\u00e9ristiques hautement dangereuses de l\u2019essence et avaient utilis\u00e9 un bec verseur s\u00e9curitaire avec protection enfants.<\/li>\n<li>L'essence est constitu\u00e9e d'un m\u00e9lange de 150 produits tels que le benz\u00e8ne, ce qui est hautement canc\u00e9rig\u00e8ne.<\/li>\n<\/ul>","protected":false},"excerpt":{"rendered":"<p>Saviez-vous que l\u2019\u00e9vaporation d\u2019essence et les d\u00e9bordements sont en partie responsables du r\u00e9chauffement de la plan\u00e8te? Depuis 30 ans, DSD International Inc se sp\u00e9cialise dans la fabrication d\u2019une gamme de becs verseurs des plus \u00e9cologiques, performants et s\u00e9curitaires offert sur le march\u00e9, et ce, autant pour l\u2019essence que pour les produits chimiques. Nos becs verseurs vous permettent de voir \u00e0&nbsp;<a href=\"https:\/\/www.dsdinternational.net\/fr\/nos-produits\/securite-environnement\/\" class=\"read-more\">Lire la suite<\/a><\/p>\n","protected":false},"author":1,"featured_media":0,"parent":1915,"menu_order":0,"comment_status":"closed","ping_status":"closed","template":"page-fullwidth.php","meta":{"footnotes":""},"class_list":["post-3282","page","type-page","status-publish","hentry"],"_links":{"self":[{"href":"https:\/\/www.dsdinternational.net\/fr\/wp-json\/wp\/v2\/pages\/3282","targetHints":{"allow":["GET"]}}],"collection":[{"href":"https:\/\/www.dsdinternational.net\/fr\/wp-json\/wp\/v2\/pages"}],"about":[{"href":"https:\/\/www.dsdinternational.net\/fr\/wp-json\/wp\/v2\/types\/page"}],"author":[{"embeddable":true,"href":"https:\/\/www.dsdinternational.net\/fr\/wp-json\/wp\/v2\/users\/1"}],"replies":[{"embeddable":true,"href":"https:\/\/www.dsdinternational.net\/fr\/wp-json\/wp\/v2\/comments?post=3282"}],"version-history":[{"count":0,"href":"https:\/\/www.dsdinternational.net\/fr\/wp-json\/wp\/v2\/pages\/3282\/revisions"}],"up":[{"embeddable":true,"href":"https:\/\/www.dsdinternational.net\/fr\/wp-json\/wp\/v2\/pages\/1915"}],"wp:attachment":[{"href":"https:\/\/www.dsdinternational.net\/fr\/wp-json\/wp\/v2\/media?parent=3282"}],"curies":[{"name":"wp","href":"https:\/\/api.w.org\/{rel}","templated":true}]}}