{"id":3209,"date":"2016-12-12T14:05:35","date_gmt":"2016-12-12T19:05:35","guid":{"rendered":"http:\/\/www.dsdinternational.net\/?page_id=3209"},"modified":"2017-06-01T10:14:10","modified_gmt":"2017-06-01T14:14:10","slug":"30-innovations","status":"publish","type":"page","link":"https:\/\/www.dsdinternational.net\/fr\/30-ans\/30-innovations\/","title":{"rendered":"30 innovations"},"content":{"rendered":"<div class=\"video-container\">\n<div class=\"youtubevideowrap\"><iframe src=\"https:\/\/www.youtube.com\/embed\/6Gh0GrzPAcA?rel=0&showinfo=0\" frameborder=\"0\" allowfullscreen=\"allowfullscreen\"><\/iframe><\/div>\n<\/div>\n<div style=\"margin-top:15px; margin-bottom:15px;\">Depuis sa cr\u00e9ation en 1987, DSD International a toujours cherch\u00e9 \u00e0 cr\u00e9er des produits innovants. Des produits touchant divers secteurs tel l'horticulture, l'ac\u00e9riculture, la quincaillerie et la maison.<\/div>\n<p>Voici une liste d'innovations que DSD International a d\u00e9velopp\u00e9es au fils des ann\u00e9es.<\/p>\n<ul>\n<li>Clean Wheel, Nettoyeur de cavit\u00e9s et d\u2019\u00e9crous de jantes<\/li>\n<li>L'aide verseur, Poign\u00e9e pour contenant de breuvage<\/li>\n<li>CordoClip, Corde \u00e0 linge automatique - <a href=\"http:\/\/www.macordoclip.com\" target=\"_blank\">www.macordoclip.com<\/a><\/li>\n<li>Tuteurs Plus,  tuteurs pour plantes, arbres et arbustes<\/li>\n<li>Super-T, T\u00eate d\u00e9port\u00e9e pour tuteurs de m\u00e9tal<\/li>\n<li>ProtecTronc, Gaine pour prot\u00e9ger les troncs des arbres<\/li>\n<li>Dee Weeder, L'outil de jardinage multifonctions - <a href=\"http:\/\/www.deeweeder.com\" target=\"_blank\">www.deeweeder.com<\/a><\/li>\n<li>Aqua Saver, Syst\u00e8me de r\u00e9cup\u00e9ration d\u2019eau pluviale - <a href=\"http:\/\/www.dsdinternational.net\/aquasaver\" target=\"_blank\">www.dsdinternational.net\/aquasaver<\/a><\/li>\n<li>Info-Stand, Support pour affiches - <a href=\"http:\/\/www.affichagecomplet.com\" target=\"_blank\">www.affichagecomplet.com<\/a><\/li>\n<li>Signs Evolution, Logiciel d'impression d'affiches et d'\u00e9tiquettes - <a href=\"http:\/\/www.affichagecomplet.com\" target=\"_blank\">www.affichagecomplet.com<\/a><\/li>\n<li>\u00c9den, Logiciel pour jardiniers - <a href=\"http:\/\/www.edeninspiration.com\" target=\"_blank\">www.edeninspiration.com<\/a><\/li>\n<li>Coule Stop Flow, Bec verseur pour essence<\/li>\n<li>Coule Stop Flow, Bec verseur pour produits chimiques<\/li>\n<li>Bec verseur pour essence manufactur\u00e9 pour Scepter<\/li>\n<li>Bec verseur pour essence manufactur\u00e9 pour Wedco<\/li>\n<li>Bec verseur pour essence manufactur\u00e9 pour Midwest Can<\/li>\n<li>Cap Station, Bouchon de s\u00e9curit\u00e9 pour r\u00e9servoirs \u00e0 produits p\u00e9troliers<\/li>\n<li>Vision Plus, Balises de rues pour le d\u00e9neigement<\/li>\n<li>Visi-Flo, Balise pour les bornes-fontaines<\/li>\n<li>DSD Secure lock surface, Tuiles multisurfaces - <a href=\"http:\/\/www.dsdinternational.net\/surfacetuiles\" target=\"_blank\">www.dsdinternational.net\/surfacetuiles<\/a><\/li>\n<li>DSD STARS, Chalumeaux et adaptateurs - <a href=\"http:\/\/www.dsdstars.com\" target=\"_blank\">www.dsdstars.com<\/a><\/li>\n<li>DSD STARS, Connecteurs - <a href=\"http:\/\/www.dsdstars.com\" target=\"_blank\">www.dsdstars.com<\/a><\/li>\n<li>DSD STARS, M\u00e8ches d'entaillage - <a href=\"http:\/\/www.dsdstars.com\" target=\"_blank\">www.dsdstars.com<\/a><\/li>\n<li>DSD STARS, Arrache-chalumeaux - <a href=\"http:\/\/www.dsdstars.com\" target=\"_blank\">www.dsdstars.com<\/a><\/li>\n<li>DSD STARS, Tubulure et ma\u00eetre-ligne - <a href=\"http:\/\/www.dsdstars.com\" target=\"_blank\">www.dsdstars.com<\/a><\/li>\n<li>DSD STARS, Sellettes pour ma\u00eetre-ligne - <a href=\"http:\/\/www.dsdstars.com\" target=\"_blank\">www.dsdstars.com<\/a><\/li>\n<li>DSD STARS, Chaudi\u00e8re et couvercle de plastique pour recueillir l'eau d'\u00e9rable - <a href=\"http:\/\/www.dsdstars.com\" target=\"_blank\">www.dsdstars.com<\/a><\/<\/li>\n<\/ul>\n<p>Le futur de DSD r\u00e9serve encore une belle brochette d'innovations.","protected":false},"excerpt":{"rendered":"<p>Depuis sa cr\u00e9ation en 1987, DSD International a toujours cherch\u00e9 \u00e0 cr\u00e9er des produits innovants.<\/p>\n","protected":false},"author":1,"featured_media":0,"parent":3207,"menu_order":0,"comment_status":"closed","ping_status":"closed","template":"","meta":{"footnotes":""},"class_list":["post-3209","page","type-page","status-publish","hentry"],"_links":{"self":[{"href":"https:\/\/www.dsdinternational.net\/fr\/wp-json\/wp\/v2\/pages\/3209","targetHints":{"allow":["GET"]}}],"collection":[{"href":"https:\/\/www.dsdinternational.net\/fr\/wp-json\/wp\/v2\/pages"}],"about":[{"href":"https:\/\/www.dsdinternational.net\/fr\/wp-json\/wp\/v2\/types\/page"}],"author":[{"embeddable":true,"href":"https:\/\/www.dsdinternational.net\/fr\/wp-json\/wp\/v2\/users\/1"}],"replies":[{"embeddable":true,"href":"https:\/\/www.dsdinternational.net\/fr\/wp-json\/wp\/v2\/comments?post=3209"}],"version-history":[{"count":0,"href":"https:\/\/www.dsdinternational.net\/fr\/wp-json\/wp\/v2\/pages\/3209\/revisions"}],"up":[{"embeddable":true,"href":"https:\/\/www.dsdinternational.net\/fr\/wp-json\/wp\/v2\/pages\/3207"}],"wp:attachment":[{"href":"https:\/\/www.dsdinternational.net\/fr\/wp-json\/wp\/v2\/media?parent=3209"}],"curies":[{"name":"wp","href":"https:\/\/api.w.org\/{rel}","templated":true}]}}