{"id":3207,"date":"2016-12-12T13:58:02","date_gmt":"2016-12-12T18:58:02","guid":{"rendered":"http:\/\/www.dsdinternational.net\/?page_id=3207"},"modified":"2017-06-01T10:08:05","modified_gmt":"2017-06-01T14:08:05","slug":"dsd-international-celebrates-its-30-years","status":"publish","type":"page","link":"https:\/\/www.dsdinternational.net\/fr\/30-ans\/","title":{"rendered":"DSD International c\u00e9l\u00e8bre ses 30 ans"},"content":{"rendered":"<img loading=\"lazy\" decoding=\"async\" class=\"aligncenter size-full wp-image-3217\" src=\"\/wp-content\/uploads\/30-ans-DSD_presentation.jpg\" alt=\"DSD International c\u00e9l\u00e8bre ses 30 ans\" width=\"1386\" height=\"735\" \/><\/p>\n<p>Cette ann\u00e9e, DSD International f\u00eate ses 30 ans d'existence. En l'honneur de cette \u00e9tape importante, nous vous invitons \u00e0 vous joindre \u00e0 nous pour rem\u00e9morer nos 30 premi\u00e8res ann\u00e9es o\u00f9 nous honorerons notre pass\u00e9, embrasserons le pr\u00e9sent et construirons l'avenir.<\/p>\n<p>Nous remercions ceux qui ont pris ce voyage avec nous et accueillons ceux qui feront partie de notre avenir!<\/p>\n<h6 style=\"margin-top: 75px;\">Restez inform\u00e9s !<\/h6>\n<p>Suivez-nous sur les r\u00e9seaux sociaux pour conna\u00eetre nos festivit\u00e9s.<\/p>\n<p><!-- BEGIN SOCIAL NETWORKS --><\/p>\n<ul class=\"social social__row clearfix unstyled\">\n<li class=\"social_li\"><a class=\"social_link social_link__facebook\" href=\"https:\/\/www.facebook.com\/dsdinternational\" target=\"_blank\" rel=\"tooltip noopener noreferrer\" data-original-title=\"\"><br \/>\n<span class=\"social_ico\"><img decoding=\"async\" src=\"http:\/\/www.dsdinternational.net\/wp-content\/themes\/theme49002\/images\/icons\/facebook.png\" alt=\"\" \/><\/span><br \/>\n<\/a><\/li>\n<li class=\"social_li\"><a class=\"social_link social_link__twitter\" href=\"https:\/\/twitter.com\/dsdintl\" target=\"_blank\" rel=\"tooltip noopener noreferrer\" data-original-title=\"\"><br \/>\n<span class=\"social_ico\"><img decoding=\"async\" src=\"http:\/\/www.dsdinternational.net\/wp-content\/themes\/theme49002\/images\/icons\/twitter.png\" alt=\"\" \/><\/span><br \/>\n<\/a><\/li>\n<li class=\"social_li\"><a class=\"social_link social_link__linkedin\" href=\"https:\/\/www.linkedin.com\/company\/dsd-international\" target=\"_blank\" rel=\"tooltip noopener noreferrer\" data-original-title=\"\"><br \/>\n<span class=\"social_ico\"><img decoding=\"async\" src=\"http:\/\/www.dsdinternational.net\/wp-content\/themes\/theme49002\/images\/icons\/linkedin.png\" alt=\"\" \/><\/span><br \/>\n<\/a><\/li>\n<li class=\"social_li\"><a class=\"social_link social_link__youtube\" href=\"https:\/\/www.youtube.com\/user\/DSDinternational\" target=\"_blank\" rel=\"tooltip noopener noreferrer\" data-original-title=\"\"><br \/>\n<span class=\"social_ico\"><img decoding=\"async\" src=\"http:\/\/www.dsdinternational.net\/wp-content\/themes\/theme49002\/images\/icons\/youtube.png\" alt=\"\" \/><\/span><br \/>\n<\/a><\/li>\n<\/ul>\n<p><!-- END SOCIAL NETWORKS --><\/p>\n<h6 style=\"margin-top: 75px;\">\u00c9v\u00e9nements pass\u00e9s<\/h6>\n<ul>\n<li>\n<a href=\"https:\/\/www.facebook.com\/events\/1849773528678616\/\" target=\"_blank\">20 mai 2017, 13h \u00e0 16h - Portes ouvertes au grand public<\/a>\n<\/li>\n<\/ul>\n<hr \/>\n<h3>Faits int\u00e9ressants<\/h3>\n<p>D\u00e9couvrez quelques faits int\u00e9ressants \u00e0 propos de DSD International.<\/p>\n<div class=\"span2\">\n<p><a href=\"\/fr\/30-ans\/30-innovations\/\" target=\"_parent\"><img loading=\"lazy\" decoding=\"async\" src=\"\/wp-content\/uploads\/30-ans-DSD_innovations.png\" alt=\"30 innovations\" width=\"1200\" height=\"630\" class=\"aligncenter size-full\" style=\"border: 1px solid #434242;\"\/><\/a><\/p>\n<div class=\"aligncenter\">30 innovations<\/div>\n<\/div>","protected":false},"excerpt":{"rendered":"<p>Cette ann\u00e9e, DSD International f\u00eate ses 30 ans d'existence. En l'honneur de cette \u00e9tape importante, nous vous invitons \u00e0 ...<\/p>\n","protected":false},"author":1,"featured_media":0,"parent":0,"menu_order":0,"comment_status":"closed","ping_status":"closed","template":"","meta":{"footnotes":""},"class_list":["post-3207","page","type-page","status-publish","hentry"],"_links":{"self":[{"href":"https:\/\/www.dsdinternational.net\/fr\/wp-json\/wp\/v2\/pages\/3207","targetHints":{"allow":["GET"]}}],"collection":[{"href":"https:\/\/www.dsdinternational.net\/fr\/wp-json\/wp\/v2\/pages"}],"about":[{"href":"https:\/\/www.dsdinternational.net\/fr\/wp-json\/wp\/v2\/types\/page"}],"author":[{"embeddable":true,"href":"https:\/\/www.dsdinternational.net\/fr\/wp-json\/wp\/v2\/users\/1"}],"replies":[{"embeddable":true,"href":"https:\/\/www.dsdinternational.net\/fr\/wp-json\/wp\/v2\/comments?post=3207"}],"version-history":[{"count":1,"href":"https:\/\/www.dsdinternational.net\/fr\/wp-json\/wp\/v2\/pages\/3207\/revisions"}],"predecessor-version":[{"id":4599,"href":"https:\/\/www.dsdinternational.net\/fr\/wp-json\/wp\/v2\/pages\/3207\/revisions\/4599"}],"wp:attachment":[{"href":"https:\/\/www.dsdinternational.net\/fr\/wp-json\/wp\/v2\/media?parent=3207"}],"curies":[{"name":"wp","href":"https:\/\/api.w.org\/{rel}","templated":true}]}}