{"id":2856,"date":"2015-01-28T15:25:09","date_gmt":"2015-01-28T20:25:09","guid":{"rendered":"http:\/\/www.dsdinternational.net\/?page_id=2856"},"modified":"2023-12-12T08:20:33","modified_gmt":"2023-12-12T13:20:33","slug":"home","status":"publish","type":"page","link":"https:\/\/www.dsdinternational.net\/fr\/","title":{"rendered":"Accueil"},"content":{"rendered":"<div style=\"margin-top: 10px;\"><div id=\"metaslider-id-2877\" style=\"max-width: 1170px; margin: 0 auto;\" class=\"ml-slider-3-95-0 metaslider metaslider-flex metaslider-2877 ml-slider ms-theme-default\" role=\"region\" aria-roledescription=\"Slideshow\" aria-label=\"SlideShow FR\">\n    <div id=\"metaslider_container_2877\">\n        <div id=\"metaslider_2877\">\n            <ul class='slides'>\n                <li style=\"display: block; width: 100%;\" class=\"slide-3173 ms-image \" aria-roledescription=\"slide\" aria-label=\"slide-3173\"><a href=\"\/fr\/nos-produits\/securite-environnement\/\" target=\"_self\" class=\"metaslider_image_link\"><img loading=\"lazy\" decoding=\"async\" src=\"https:\/\/www.dsdinternational.net\/wp-content\/uploads\/diapo_environnement.jpg\" height=\"425\" width=\"1170\" alt=\"\" class=\"slider-2877 slide-3173\" \/><\/a><\/li>\n                <li style=\"display: none; width: 100%;\" class=\"slide-3171 ms-image \" aria-roledescription=\"slide\" aria-label=\"slide-3171\"><img loading=\"lazy\" decoding=\"async\" src=\"https:\/\/www.dsdinternational.net\/wp-content\/uploads\/diapo_developpementProduits.jpg\" height=\"425\" width=\"1170\" alt=\"\" class=\"slider-2877 slide-3171\" \/><\/li>\n                <li style=\"display: none; width: 100%;\" class=\"slide-4412 ms-image \" aria-roledescription=\"slide\" aria-label=\"slide-4412\"><a href=\"https:\/\/dsdstars.com\" target=\"_blank\" class=\"metaslider_image_link\"><img loading=\"lazy\" decoding=\"async\" src=\"https:\/\/www.dsdinternational.net\/wp-content\/uploads\/diapo_DSD-STARS_FR.jpg\" height=\"425\" width=\"1170\" alt=\"\" class=\"slider-2877 slide-4412\" \/><\/a><\/li>\n            <\/ul>\n        <\/div>\n        \n    <\/div>\n<\/div><\/div>\n<div class=\"row \">\n<div class=\"span12 \"><h1 style=\"text-align: center;\"><span style=\"color: #8f0023;\">Innover tout en respectant l'environnement<\/span><\/h1>\n<h6 style=\"text-align: center;\">\u00ab\u00c0 travers les ann\u00e9es, notre but a toujours \u00e9t\u00e9 d\u2019offrir \u00e0 notre distingu\u00e9e client\u00e8le des produits de grande qualit\u00e9, innovateurs, uniques qui r\u00e9pondent \u00e0 des besoins sp\u00e9cifiques de nos clients.\u00bb, L\u00e9andre Vachon.<\/h6><\/div>\n<\/div><!-- .row (end) -->\n<div class=\"row \">\n<div class=\"span12 \"><h3>Cat\u00e9gories de produits<\/h3>\n<ul class=\"posts-grid row-fluid unstyled services\">\n<li class=\"span4\">\n<figure class=\"featured-thumbnail thumbnail\"><a title=\"Ac\u00e9riculture\" href=\"\/fr\/nos-produits\/acericulture\/\"><img decoding=\"async\" src=\"\/wp-content\/uploads\/Cat_MapleSugaring-400x225.jpg\" alt=\"Ac\u00e9riculture\"><\/a><\/figure>\n<div class=\"clear\"><\/div>\n<h5><a title=\"Ac\u00e9riculture\" href=\"\/fr\/nos-produits\/acericulture\/\">Ac\u00e9riculture<\/a><\/h5>\n<\/li>\n<li class=\"span4\">\n<figure class=\"featured-thumbnail thumbnail\"><a title=\"Tuiles multiusages\" href=\"\/fr\/nos-produits\/tuiles-multiusages\/\"><img decoding=\"async\" src=\"\/wp-content\/uploads\/Cat_Tiles-400x225.jpg\" alt=\"Tuiles multiusages\"><\/a><\/figure>\n<div class=\"clear\"><\/div>\n<h5><a title=\"Tuiles multiusages\" href=\"\/fr\/nos-produits\/tuiles-multiusages\/\">Tuiles multiusages<\/a><\/h5>\n<\/li>\n<li class=\"span4\">\n<figure class=\"featured-thumbnail thumbnail\"><a title=\"Solution d\u2019affichage\" href=\"\/fr\/nos-produits\/solution-affichage\/\"><img decoding=\"async\" src=\"\/wp-content\/uploads\/Cat_Signage_2023-400x225.jpg\" alt=\"Solution d\u2019affichage\"><\/a><\/figure>\n<div class=\"clear\"><\/div>\n<h5><a title=\"Solution d\u2019affichage\" href=\"\/fr\/nos-produits\/solution-affichage\/\">Solution d\u2019affichage<\/a><\/h5>\n<\/li>\n<p><!--\n \t\n\n<li class=\"span4\">\n\n\n<figure class=\"featured-thumbnail thumbnail\"><a title=\"Horticulture\" href=\"\/fr\/nos-produits\/horticulture\/\"><img decoding=\"async\" src=\"\/wp-content\/uploads\/Cat_Lawengarden-400x225.jpg\" alt=\"Horticulture\" \/><\/a><\/figure>\n\n\n\n\n<div class=\"clear\"><\/div>\n\n\n\n\n<h5><a title=\"Horticulture\" href=\"\/fr\/nos-produits\/horticulture\/\">Horticulture<\/a><\/h5>\n\n\n<\/li>\n\n\n--><\/ul>\n<p><!-- .posts-grid (end) --><\/p>\n<ul class=\"posts-grid row-fluid unstyled services\">\n<li class=\"span4\">\n<figure class=\"featured-thumbnail thumbnail\"><a title=\"S\u00e9curit\u00e9 et environnement\" href=\"\/fr\/nos-produits\/securite-environnement\/\"><img decoding=\"async\" src=\"\/wp-content\/uploads\/Cat_Security-400x225.jpg\" alt=\"S\u00e9curit\u00e9 et environnement\"><\/a><\/figure>\n<div class=\"clear\"><\/div>\n<h5><a title=\"S\u00e9curit\u00e9 et environnement\" href=\"\/fr\/nos-produits\/securite-environnement\/\">S\u00e9curit\u00e9 et environnement<\/a><\/h5>\n<\/li>\n<\/ul>\n<p>&nbsp;<\/p><\/div>\n<div class=\"span12 \"><p><!--\n&#091;well size=\"well-normal\"&#093;\n\n\n<ul class=\"posts-grid row-fluid unstyled clients\">\n \t\n\n<li class=\"span2\">\n\n\n<figure class=\"featured-thumbnail thumbnail\"><a title=\"Stars Saps\" href=\"http:\/\/www.dsdstars.com\" target=\"_blank\" rel=\"noopener\"><img decoding=\"async\" src=\"\/wp-content\/uploads\/Les-STARS-168x100.png\" alt=\"Logo Les STARS de l'entaillage\" \/><\/a><\/figure>\n\n\n\n\n<figure class=\"featured-thumbnail thumbnail\" style=\"display: none;\"><\/figure>\n\n\n\n\n<figure class=\"featured-thumbnail thumbnail\" style=\"display: none;\"><\/figure>\n\n\n\n\n<div class=\"clear\"><\/div>\n\n\n\n\n<p class=\"excerpt\"><\/li>\n\n\n \t\n\n<li class=\"span2\">\n\n\n<figure class=\"featured-thumbnail thumbnail\"><a title=\"Dee Weeder\" href=\"http:\/\/www.deeweeder.com\" target=\"_blank\" rel=\"noopener\"><img decoding=\"async\" src=\"\/wp-content\/uploads\/DeeWeeder-168x100.png\" alt=\"Dee Weeder\" \/><\/a><\/figure>\n\n\n\n\n<figure class=\"featured-thumbnail thumbnail\" style=\"display: none;\"><\/figure>\n\n\n\n\n<figure class=\"featured-thumbnail thumbnail\" style=\"display: none;\"><\/figure>\n\n\n\n\n<figure class=\"featured-thumbnail thumbnail\" style=\"display: none;\"><\/figure>\n\n\n\n\n<div class=\"clear\"><\/div>\n\n\n\n\n<p class=\"excerpt\"><\/li>\n\n\n \t\n\n<li class=\"span2\">\n\n\n<figure class=\"featured-thumbnail thumbnail\"><a title=\"Cordoclip\" href=\"http:\/\/www.cordoclip.com\" target=\"_blank\" rel=\"noopener\"><img decoding=\"async\" src=\"\/wp-content\/uploads\/Cordoclip-168x100.png\" alt=\"Cordoclip\" \/><\/a><\/figure>\n\n\n\n\n<div class=\"clear\"><\/div>\n\n\n\n\n<p class=\"excerpt\"><\/li>\n\n\n \t\n\n<li class=\"span2\">\n\n\n<figure class=\"featured-thumbnail thumbnail\"><a title=\"Aqua Saver\" href=\"http:\/\/www.dsdinternational.net\/aquasaver\" target=\"_blank\" rel=\"noopener\"><img decoding=\"async\" src=\"\/wp-content\/uploads\/Aqua_Sever-168x100.png\" alt=\"Aqua Server\" \/><\/a><\/figure>\n\n\n\n\n<div class=\"clear\"><\/div>\n\n\n\n\n<p class=\"excerpt\"><\/li>\n\n\n \t\n\n<li class=\"span2\">\n\n\n<figure class=\"featured-thumbnail thumbnail\"><a title=\"Signs Evolution III\" href=\"http:\/\/www.thesignagesolution.com\" target=\"_blank\" rel=\"noopener\"><img decoding=\"async\" src=\"\/wp-content\/uploads\/Sign_vIII1-168x100.png\" alt=\"Signs Evolution III\" \/><\/a><\/figure>\n\n\n\n\n<div class=\"clear\"><\/div>\n\n\n\n\n<p class=\"excerpt\"><\/li>\n\n\n \t\n\n<li class=\"span2\">\n\n\n<figure class=\"featured-thumbnail thumbnail\"><a title=\"Eden\" href=\"http:\/\/www.edengardenerssoftware.com\" target=\"_blank\" rel=\"noopener\"><img decoding=\"async\" src=\"\/wp-content\/uploads\/Eden-168x100.png\" alt=\"Eden\" \/><\/a><\/figure>\n\n\n\n\n<div class=\"clear\"><\/div>\n\n\n\n\n<p class=\"excerpt\">...<\/p>\n\n\n<\/li>\n\n\n<\/ul>\n\n\n&#091;\/well&#093;\n--><br \/><\/div>\n<\/div><!-- .row (end) -->\n<div class=\"clients-wrap\">\n<div class=\"row \">\n<div class=\"span12 \"><div class=\"carousel-wrap \"><h2>Derni\u00e8res nouvelles<\/h2><div id=\"carousel-\" class=\"es-carousel-wrapper\"><div class=\"es-carousel\"><ul class=\"es-carousel_list unstyled\"><li class=\"es-carousel_li \"><div class=\"img-title\"><figure class=\"featured-thumbnail\"><a href=\"https:\/\/www.dsdinternational.net\/fr\/portes-ouvertes-dsd-stars-2026\/\" title=\"Portes ouvertes DSD STARS 2026\"><img decoding=\"async\" src=\"https:\/\/www.dsdinternational.net\/wp-content\/uploads\/portes-ouvertes-dsd-stars-2026-400x150.jpg\" alt=\"Portes ouvertes DSD STARS 2026\" \/><\/a><\/figure><h5><a href=\"https:\/\/www.dsdinternational.net\/fr\/portes-ouvertes-dsd-stars-2026\/\" title=\"Portes ouvertes DSD STARS 2026\">Portes ouvertes DSD STARS 2026<\/a><\/h5><\/div><div class=\"desc\"><time datetime=\"2026-04-15T10:37:53\">mercredi 15 avril 2026<\/time><p class=\"excerpt\">Ac\u00e9riculteurs et ac\u00e9ricultrices, venez d\u00e9couvrir nos \u00e9quipements d'\u00e9rabli\u00e8re DSD STARS les 15 et 16 mai 2026 de 8h30 \u00e0 16h. Au programme: Conf\u00e9rences Exposants Visite guid\u00e9e de l'usine Tirages de prix de pr\u00e9sence Repas et rafra\u00eechissements Nouveaut\u00e9s Promotions Meilleurs rabais de l'ann\u00e9e! Plus de d\u00e9tails Venez nous rencontrer DSD International (Usine) 1 888 334-8001 - info@dsdinternational.net 2515, chemin de l'A\u00e9roport&nbsp;<a href=\"https:\/\/www.dsdinternational.net\/fr\/portes-ouvertes-dsd-stars-2026\/\" class=\"read-more\">Lire la suite<\/a>... <\/p><a href=\"https:\/\/www.dsdinternational.net\/fr\/portes-ouvertes-dsd-stars-2026\/\" class=\"btn btn-primary\" title=\"Portes ouvertes DSD STARS 2026\">lire la suite<\/a><\/div><\/li><li class=\"es-carousel_li \"><div class=\"img-title\"><figure class=\"featured-thumbnail\"><a href=\"https:\/\/www.dsdinternational.net\/fr\/nouveau-catalogue-dsd-stars-2026-2\/\" title=\"Le nouveau catalogue DSD STARS 2026 est arriv\u00e9\"><img decoding=\"async\" src=\"https:\/\/www.dsdinternational.net\/wp-content\/uploads\/nouveau-catalogue-dsd-stars-2026-400x150.jpg\" alt=\"Le nouveau catalogue DSD STARS 2026 est arriv\u00e9\" \/><\/a><\/figure><h5><a href=\"https:\/\/www.dsdinternational.net\/fr\/nouveau-catalogue-dsd-stars-2026-2\/\" title=\"Le nouveau catalogue DSD STARS 2026 est arriv\u00e9\">Le nouveau catalogue DSD STARS 2026 est arriv\u00e9<\/a><\/h5><\/div><div class=\"desc\"><time datetime=\"2026-01-05T09:45:16\">lundi  5 janvier 2026<\/time><p class=\"excerpt\">Voici le nouveau catalogue DSD STARS 2026 ! Nouveaut\u00e9s et innovations sont au rendez-vous D\u00e9couvrez nos \u00e9quipements d'\u00e9rabli\u00e8re: chalumeaux, m\u00e8ches, adaptateurs, raccords pour tubulure, tubulure et ma\u00eetre-ligne, sellettes r\u00e9volutionnaires, et bien plus encore! En plus des produits de la gamme DSD STARS, le catalogue inclut les produits de BHR Experts (rel\u00e2cheurs, trappes, r\u00e9servoirs) et les produits de T\u00f4le Inox (\u00e9vaporateurs,&nbsp;<a href=\"https:\/\/www.dsdinternational.net\/fr\/nouveau-catalogue-dsd-stars-2026-2\/\" class=\"read-more\">Lire la suite<\/a>... <\/p><a href=\"https:\/\/www.dsdinternational.net\/fr\/nouveau-catalogue-dsd-stars-2026-2\/\" class=\"btn btn-primary\" title=\"Le nouveau catalogue DSD STARS 2026 est arriv\u00e9\">lire la suite<\/a><\/div><\/li><li class=\"es-carousel_li \"><div class=\"img-title\"><figure class=\"featured-thumbnail\"><a href=\"https:\/\/www.dsdinternational.net\/fr\/portes-ouvertes-dsd-stars-mai-2025\/\" title=\"Portes ouvertes DSD STARS 2025\"><img decoding=\"async\" src=\"https:\/\/www.dsdinternational.net\/wp-content\/uploads\/portes-ouvertes-dsd-stars-2025-400x150.jpg\" alt=\"Portes ouvertes DSD STARS 2025\" \/><\/a><\/figure><h5><a href=\"https:\/\/www.dsdinternational.net\/fr\/portes-ouvertes-dsd-stars-mai-2025\/\" title=\"Portes ouvertes DSD STARS 2025\">Portes ouvertes DSD STARS 2025<\/a><\/h5><\/div><div class=\"desc\"><time datetime=\"2025-04-15T07:23:04\">mardi 15 avril 2025<\/time><p class=\"excerpt\">Ac\u00e9riculteurs et ac\u00e9ricultrices, venez d\u00e9couvrir nos \u00e9quipements d'\u00e9rabli\u00e8re DSD STARS les 16 et 17 mai 2025 de 9h \u00e0 16h. Au programme: Conf\u00e9rences D\u00e9gustations Visite guid\u00e9e de l'usine Tirages de prix de pr\u00e9sence Repas et rafra\u00eechissements Plus de d\u00e9tails Venez nous rencontrer DSD International (Usine) 1 888 334-8001 - info@dsdinternational.net 2515, chemin de l'A\u00e9roport Thetford Mines (QC) G6G 0J4 Entrez&nbsp;<a href=\"https:\/\/www.dsdinternational.net\/fr\/portes-ouvertes-dsd-stars-mai-2025\/\" class=\"read-more\">Lire la suite<\/a>... <\/p><a href=\"https:\/\/www.dsdinternational.net\/fr\/portes-ouvertes-dsd-stars-mai-2025\/\" class=\"btn btn-primary\" title=\"Portes ouvertes DSD STARS 2025\">lire la suite<\/a><\/div><\/li><\/ul><\/div><\/div><script>\r\n\t\t\t\t\tjQuery(\"#carousel-\").elastislide({\r\n\t\t\t\t\t\timageW \t\t: 400,\r\n\t\t\t\t\t\tminItems\t: 3,\r\n\t\t\t\t\t\tspeed\t\t: 600,\r\n\t\t\t\t\t\teasing\t\t: \"easeOutQuart\",\r\n\t\t\t\t\t\tmargin\t\t: 20,\r\n\t\t\t\t\t\tborder\t\t: 0,\r\n\t\t\t\t\t\tonClick\t\t: function() {}\r\n\t\t\t\t\t});<\/script><\/div><\/div>\n<\/div><!-- .row (end) -->\n<\/div>","protected":false},"excerpt":{"rendered":"","protected":false},"author":1,"featured_media":0,"parent":0,"menu_order":0,"comment_status":"closed","ping_status":"closed","template":"page-home.php","meta":{"footnotes":""},"class_list":["post-2856","page","type-page","status-publish","hentry","cat-1-id"],"_links":{"self":[{"href":"https:\/\/www.dsdinternational.net\/fr\/wp-json\/wp\/v2\/pages\/2856","targetHints":{"allow":["GET"]}}],"collection":[{"href":"https:\/\/www.dsdinternational.net\/fr\/wp-json\/wp\/v2\/pages"}],"about":[{"href":"https:\/\/www.dsdinternational.net\/fr\/wp-json\/wp\/v2\/types\/page"}],"author":[{"embeddable":true,"href":"https:\/\/www.dsdinternational.net\/fr\/wp-json\/wp\/v2\/users\/1"}],"replies":[{"embeddable":true,"href":"https:\/\/www.dsdinternational.net\/fr\/wp-json\/wp\/v2\/comments?post=2856"}],"version-history":[{"count":0,"href":"https:\/\/www.dsdinternational.net\/fr\/wp-json\/wp\/v2\/pages\/2856\/revisions"}],"wp:attachment":[{"href":"https:\/\/www.dsdinternational.net\/fr\/wp-json\/wp\/v2\/media?parent=2856"}],"curies":[{"name":"wp","href":"https:\/\/api.w.org\/{rel}","templated":true}]}}