{"id":2534,"date":"2014-09-24T10:40:05","date_gmt":"2014-09-24T14:40:05","guid":{"rendered":"http:\/\/web.dsdinnov.whc.ca\/?page_id=2534"},"modified":"2024-08-23T10:49:10","modified_gmt":"2024-08-23T14:49:10","slug":"nous-vous-offrons","status":"publish","type":"page","link":"https:\/\/www.dsdinternational.net\/fr\/emplois\/nous-vous-offrons\/","title":{"rendered":"Nous vous offrons"},"content":{"rendered":"<a href=\"\/wp-content\/uploads\/dreamstime_3678858.jpg\" target=\"_blank\" rel=\"noopener\"><img loading=\"lazy\" decoding=\"async\" class=\"alignnone wp-image-2535\" src=\"\/wp-content\/uploads\/dreamstime_3678858.jpg\" alt=\"dreamstime_3678858\" width=\"500\" height=\"360\" srcset=\"https:\/\/www.dsdinternational.net\/wp-content\/uploads\/dreamstime_3678858.jpg 800w, https:\/\/www.dsdinternational.net\/wp-content\/uploads\/dreamstime_3678858-300x216.jpg 300w, https:\/\/www.dsdinternational.net\/wp-content\/uploads\/dreamstime_3678858-768x553.jpg 768w\" sizes=\"auto, (max-width: 500px) 100vw, 500px\" \/><\/a><\/p>\n<h6>Des opportunit\u00e9s d\u2019emploi \u00e0 la hauteur de vos ambitions<\/h6>\n<p>\u00c9tant une entreprise en pleine expansion, nous sommes \u00e0 la recherche de personnel qualifi\u00e9 et dynamique pour combler certains postes!<\/p>\n<p>Notre entreprise s\u2019est d\u00e9marqu\u00e9e dans les derni\u00e8res ann\u00e9es gr\u00e2ce entre autre \u00e0 l\u2019augmentation consid\u00e9rable de nos productions de becs verseurs s\u00e9curitaires. Ainsi, notre nombre d\u2019employ\u00e9s \u00e0 temps plein passait de 33 employ\u00e9s en 2009, \u00e0 60 en 2010, pour franchir le cap des 85 employ\u00e9s en mars 2014. En 2015, nous atteindrons pr\u00e8s de 120 travailleurs occupant majoritairement des postes permanents \u00e0 temps complet.<\/p>\n<p>Nous recherchons des hommes et des femmes qui favorisent la collaboration, qui sont motiv\u00e9s par l\u2019atteinte de r\u00e9sultats et qui partagent les valeurs de respect de l\u2019environnement et de l\u2019\u00eatre humain.<\/p>\n<h6>Un environnement de travail propre et respectueux des normes de SST<\/h6>\n<p>Il est fr\u00e9quent pour nous de nous faire dire par des consultants en visite chez nous qu\u2019ils n\u2019ont jamais visit\u00e9 une usine aussi propre que la n\u00f4tre. Nous sommes fiers d\u2019ainsi offrir aux membres de notre \u00e9quipe un environnement de travail propre, sain et s\u00e9curitaire, ainsi que des aires de travail et de repos agr\u00e9ables et bien entretenus o\u00f9 la r\u00e9cup\u00e9ration fait notre fiert\u00e9.<\/p>\n<h6>Des conditions de travail et salariales des plus concurrentielles.<\/h6>\n<p>Notre entreprise est devenue un employeur de choix dans la r\u00e9gion gr\u00e2ce aux excellentes conditions de travail \u00e0 temps plein dont b\u00e9n\u00e9ficient nos employ\u00e9s et \u00e0 l\u2019importance que nous accordons \u00e0 la flexibilit\u00e9 et la conciliation travail-famille.<\/p>\n<p>Consultez nos <a title=\"Postes disponibles\" href=\"\/fr\/emplois\/postes-disponibles\/\">postes disponibles<\/a>.<\/p>","protected":false},"excerpt":{"rendered":"<p>Des opportunit\u00e9s d\u2019emploi \u00e0 la hauteur de vos ambitions \u00c9tant une entreprise en pleine expansion, nous sommes \u00e0 la recherche de personnel qualifi\u00e9 et dynamique pour combler certains postes! Notre entreprise s\u2019est d\u00e9marqu\u00e9e dans les derni\u00e8res ann\u00e9es gr\u00e2ce entre autre \u00e0 l\u2019augmentation consid\u00e9rable de nos productions de becs verseurs s\u00e9curitaires. Ainsi, notre nombre d\u2019employ\u00e9s \u00e0 temps plein passait de 33&nbsp;<a href=\"https:\/\/www.dsdinternational.net\/fr\/emplois\/nous-vous-offrons\/\" class=\"read-more\">Lire la suite<\/a><\/p>\n","protected":false},"author":1,"featured_media":0,"parent":2392,"menu_order":0,"comment_status":"closed","ping_status":"closed","template":"page-fullwidth.php","meta":{"footnotes":""},"class_list":["post-2534","page","type-page","status-publish","hentry"],"_links":{"self":[{"href":"https:\/\/www.dsdinternational.net\/fr\/wp-json\/wp\/v2\/pages\/2534","targetHints":{"allow":["GET"]}}],"collection":[{"href":"https:\/\/www.dsdinternational.net\/fr\/wp-json\/wp\/v2\/pages"}],"about":[{"href":"https:\/\/www.dsdinternational.net\/fr\/wp-json\/wp\/v2\/types\/page"}],"author":[{"embeddable":true,"href":"https:\/\/www.dsdinternational.net\/fr\/wp-json\/wp\/v2\/users\/1"}],"replies":[{"embeddable":true,"href":"https:\/\/www.dsdinternational.net\/fr\/wp-json\/wp\/v2\/comments?post=2534"}],"version-history":[{"count":0,"href":"https:\/\/www.dsdinternational.net\/fr\/wp-json\/wp\/v2\/pages\/2534\/revisions"}],"up":[{"embeddable":true,"href":"https:\/\/www.dsdinternational.net\/fr\/wp-json\/wp\/v2\/pages\/2392"}],"wp:attachment":[{"href":"https:\/\/www.dsdinternational.net\/fr\/wp-json\/wp\/v2\/media?parent=2534"}],"curies":[{"name":"wp","href":"https:\/\/api.w.org\/{rel}","templated":true}]}}