{"id":2424,"date":"2014-09-23T14:43:05","date_gmt":"2014-09-23T18:43:05","guid":{"rendered":"http:\/\/web.dsdinnov.whc.ca\/?page_id=2424"},"modified":"2018-02-02T13:35:03","modified_gmt":"2018-02-02T18:35:03","slug":"nos-installations","status":"publish","type":"page","link":"https:\/\/www.dsdinternational.net\/fr\/profil\/nos-installations\/","title":{"rendered":"Nos installations"},"content":{"rendered":"<div class=\"row \"><div class=\"span12 \"><div class=\"row \"> <div class=\"span10 \"><p><a href=\"\/wp-content\/uploads\/DSDinternational-usine.jpg\" target=\"_blank\"><img loading=\"lazy\" decoding=\"async\" class=\"alignleft wp-image-2042\" src=\"\/wp-content\/uploads\/DSDinternational-usine.jpg\" alt=\"DSD International, b\u00e2timent Thetford Mines\" width=\"500\" height=\"281\" \/><\/a><\/p>\n<p>&nbsp;<\/p>\n<h6>Locaux des plus fonctionnels<\/h6>\n<p>Situ\u00e9s \u00e0 Thetford Mines, Qu\u00e9bec, dans une usine ultramoderne de 67 000 pieds carr\u00e9s abritent des \u00e9quipements et machineries \u00e0 la fine pointe de la technologie nous permettant de maintenir une excellente productivit\u00e9 et un service de livraison des plus performants.<\/p>\n<p>Gr\u00e2ce \u00e0 notre d\u00e9partement de recherche, des produits innovateurs r\u00e9pondant aux besoins actuels et futurs de nos clients consommateurs et professionnels sont d\u00e9velopp\u00e9s, test\u00e9s et mis en march\u00e9.\u00a0<\/div><\/div> <!-- .row (end) --><\/div><\/div><!-- .row (end) -->\n<div class=\"row \"><div class=\"span12 \"><div class=\"well well-normal\"> <div class=\"row \"> <div class=\"span10 \"><p><a href=\"\/wp-content\/uploads\/Machines1.jpg\" target=\"_blank\"><img loading=\"lazy\" decoding=\"async\" class=\"alignleft wp-image-2678\" src=\"\/wp-content\/uploads\/Machines1.jpg\" alt=\"\" width=\"500\" height=\"372\" srcset=\"https:\/\/www.dsdinternational.net\/wp-content\/uploads\/Machines1.jpg 1200w, https:\/\/www.dsdinternational.net\/wp-content\/uploads\/Machines1-300x223.jpg 300w, https:\/\/www.dsdinternational.net\/wp-content\/uploads\/Machines1-1024x762.jpg 1024w, https:\/\/www.dsdinternational.net\/wp-content\/uploads\/Machines1-768x572.jpg 768w\" sizes=\"auto, (max-width: 500px) 100vw, 500px\" \/><\/a><\/p>\n<p>&nbsp;<\/p>\n<p>&nbsp;<\/p>\n<p>&nbsp;<\/p>\n<p>&nbsp;<\/p>\n<h6>Parc d'\u00e9quipements \u00e0 la fine pointe<\/h6>\n<p>Depuis 30 ans, nous nous sp\u00e9cialisons dans l\u2019injection, l\u2019assemblage et l\u2019emballage de pi\u00e8ces techniques fabriqu\u00e9es de mati\u00e8res plastiques.<\/p>\n<p>Notre parc machine, \u00e0 la fine pointe de la technologie, est compos\u00e9 de 24 presses \u00e0 injection entre 22 et 440 tonnes, permettant de mouler des pi\u00e8ces entre 5 g et 1500 g.<\/p><\/div> <\/div> <!-- .row (end) --> <\/div><\/div> <\/div><!-- .row (end) -->","protected":false},"excerpt":{"rendered":"","protected":false},"author":1,"featured_media":0,"parent":2381,"menu_order":0,"comment_status":"closed","ping_status":"closed","template":"page-fullwidth.php","meta":{"footnotes":""},"class_list":["post-2424","page","type-page","status-publish","hentry"],"_links":{"self":[{"href":"https:\/\/www.dsdinternational.net\/fr\/wp-json\/wp\/v2\/pages\/2424","targetHints":{"allow":["GET"]}}],"collection":[{"href":"https:\/\/www.dsdinternational.net\/fr\/wp-json\/wp\/v2\/pages"}],"about":[{"href":"https:\/\/www.dsdinternational.net\/fr\/wp-json\/wp\/v2\/types\/page"}],"author":[{"embeddable":true,"href":"https:\/\/www.dsdinternational.net\/fr\/wp-json\/wp\/v2\/users\/1"}],"replies":[{"embeddable":true,"href":"https:\/\/www.dsdinternational.net\/fr\/wp-json\/wp\/v2\/comments?post=2424"}],"version-history":[{"count":0,"href":"https:\/\/www.dsdinternational.net\/fr\/wp-json\/wp\/v2\/pages\/2424\/revisions"}],"up":[{"embeddable":true,"href":"https:\/\/www.dsdinternational.net\/fr\/wp-json\/wp\/v2\/pages\/2381"}],"wp:attachment":[{"href":"https:\/\/www.dsdinternational.net\/fr\/wp-json\/wp\/v2\/media?parent=2424"}],"curies":[{"name":"wp","href":"https:\/\/api.w.org\/{rel}","templated":true}]}}