{"id":2380,"date":"2014-09-22T14:05:29","date_gmt":"2014-09-22T18:05:29","guid":{"rendered":"http:\/\/web.dsdinnov.whc.ca\/?page_id=2380"},"modified":"2018-02-02T13:34:58","modified_gmt":"2018-02-02T18:34:58","slug":"engagements-sociaux","status":"publish","type":"page","link":"https:\/\/www.dsdinternational.net\/fr\/profil\/engagements-sociaux\/","title":{"rendered":"Engagements sociaux"},"content":{"rendered":"<div class=\"row \"><div class=\"span12 \"><div class=\"row \"> <div class=\"span10 \"><p><a href=\"\/wp-content\/uploads\/img_3.jpg\"><img loading=\"lazy\" decoding=\"async\" class=\"alignleft size-full wp-image-2509\" src=\"\/wp-content\/uploads\/img_3.jpg\" alt=\"img_3\" width=\"400\" height=\"500\" srcset=\"https:\/\/www.dsdinternational.net\/wp-content\/uploads\/img_3.jpg 400w, https:\/\/www.dsdinternational.net\/wp-content\/uploads\/img_3-240x300.jpg 240w\" sizes=\"auto, (max-width: 400px) 100vw, 400px\" \/><\/a><\/p>\n<p>&nbsp;<\/p>\n<p>&nbsp;<\/p>\n<p>&nbsp;<\/p>\n<p>&nbsp;<\/p>\n<p>&nbsp;<\/p>\n<p>&nbsp;<\/p>\n<p>&nbsp;<\/p>\n<p>&nbsp;<\/p>\n<p>&nbsp;<\/p>\n<p>&nbsp;<\/p>\n<p>&nbsp;<\/p>\n<p>&nbsp;<\/p>\n<h6>Fiers de faire une diff\u00e9rence<\/h6>\n<p>Chaque ann\u00e9e, DSD International Inc., ses dirigeants et ses employ\u00e9s s\u2019impliquent dans des causes humanitaires d\u2019ici et d\u2019ailleurs. Nous avons choisi de privil\u00e9gier celles qui viennent en aide aux enfants. Nous sommes fiers de faire une diff\u00e9rence \u00a0pour contribuer \u00e0 un monde plus \u00e9quitable et plus humain.<\/p><\/div><\/div> <!-- .row (end) --><\/div><\/div><!-- .row (end) -->\n<div class=\"row \"><div class=\"span12 \"><div class=\"well well-normal\"> <div class=\"row \"> <div class=\"span10 \"><p><strong><a href=\"http:\/\/www.canards.ca\/\" target=\"blank\"><img loading=\"lazy\" decoding=\"async\" class=\"alignleft wp-image-2439 size-full\" src=\"\/wp-content\/uploads\/EngSociaux_canards.jpg\" alt=\"Canards Illimit\u00e9s Canada\" width=\"271\" height=\"265\" \/><\/a><\/strong><\/p>\n<h4><a href=\"http:\/\/www.canards.ca\/\" target=\"_blank\">Canards Illimit\u00e9s Canada<\/a><\/h4>\n<p>Organisme de charit\u00e9 enregistr\u00e9, Canards Illimit\u00e9s Canada s\u2019est donn\u00e9 comme mission de prot\u00e9ger et restaurer les marais au profit de la sauvagine et des humains. Il alimente la r\u00e9flexion sur l\u2019importance des milieux humides et intervient concr\u00e8tement au Qu\u00e9bec et dans notre r\u00e9gion au moyen de la recherche, de l\u2019\u00e9ducation de la jeunesse, d\u2019outils de gestion et d\u2019intervention sur le terrain.<\/p><\/div> <\/div> <!-- .row (end) --><div class=\"row \"> <div class=\"span10 \"><div class=\"row \"><\/div><!-- .row (end) --><div class=\"span12 \"><\/div> <div class=\"well well-normal\"><\/div> <div class=\"row \"><\/div> <!-- .row (end) --> <div class=\"span10 \"><\/div>\n<p><strong><a href=\"http:\/\/www.centraide-quebec.com\" target=\"blank\"><img loading=\"lazy\" decoding=\"async\" class=\"alignleft wp-image-2439 size-full\" src=\"\/wp-content\/uploads\/EngSociaux_centraide.jpg\" alt=\"soc_centraide\" width=\"271\" height=\"265\" \/><\/a><\/strong><\/p>\n<h4><a href=\"http:\/\/www.centraide-quebec.com\" target=\"_blank\">Centraide, Qu\u00e9bec et Chaudi\u00e8re-Appalaches<\/a><\/h4>\n<p>Centraide est une organisation philanthropique au Canada, reconnue comme une fondation publique, visant \u00e0 rassembler des ressources humaines et financi\u00e8res en vue de lutter contre la pauvret\u00e9, \u00e0 briser l'exclusion sociale, \u00e0 diminuer les in\u00e9galit\u00e9s et \u00e0 pr\u00e9venir des probl\u00e8mes sociaux.<\/p><\/div> <\/div> <!-- .row (end) --><div class=\"row \"> <div class=\"span10 \"><p><strong><a href=\"http:\/\/www.scoutsthetford.com\" target=\"blank\"><img loading=\"lazy\" decoding=\"async\" class=\"alignleft wp-image-2440 size-full\" src=\"\/wp-content\/uploads\/EngSociaux_scouts.jpg\" alt=\"soc_scouts\" width=\"271\" height=\"265\" \/><\/a><\/strong><\/p>\n<h4><a href=\"http:\/\/www.scoutsthetford.com\" target=\"_blank\">Scouts de Thetford<\/a><\/h4>\n<p>Le scoutisme est un mouvement de jeunesse reposant sur l'apprentissage de valeurs fortes, telles que la solidarit\u00e9, l'entraide et le respect. Son but est d'aider le jeune individu \u00e0 former son caract\u00e8re et \u00e0 construire sa personnalit\u00e9 tout en contribuant \u00e0 son d\u00e9veloppement physique, mental et spirituel afin qu'il puisse \u00eatre un citoyen actif dans la soci\u00e9t\u00e9.<\/p><\/div> <\/div> <!-- .row (end) --><div class=\"row \"> <div class=\"span10 \"><p><strong><a href=\"http:\/\/www.leucan.qc.ca\" target=\"blank\"><img loading=\"lazy\" decoding=\"async\" class=\"alignleft wp-image-2440 size-full\" src=\"\/wp-content\/uploads\/EngSociaux_leucan.jpg\" alt=\"soc_scouts\" width=\"271\" height=\"265\" \/><\/a><\/strong><\/p>\n<h4><a href=\"http:\/\/www.leucan.qc.ca\" target=\"_blank\">Leucan<\/a><\/h4>\n<p>Leucan favorise le r\u00e9tablissement et le mieux-\u00eatre des enfants atteints de cancer et de leur famille par des services d'accompagnement et de soutien distinctifs et adapt\u00e9s, \u00e0 toutes les \u00e9tapes de la maladie et de ses effets.<\/p><\/div> <\/div> <!-- .row (end) --><div class=\"row \"> <div class=\"span10 \"><p>&nbsp;<\/p><\/div> <\/div> <!-- .row (end) --> <\/div><\/div> <\/div><!-- .row (end) -->","protected":false},"excerpt":{"rendered":"","protected":false},"author":1,"featured_media":0,"parent":2381,"menu_order":0,"comment_status":"closed","ping_status":"closed","template":"page-fullwidth.php","meta":{"footnotes":""},"class_list":["post-2380","page","type-page","status-publish","hentry"],"_links":{"self":[{"href":"https:\/\/www.dsdinternational.net\/fr\/wp-json\/wp\/v2\/pages\/2380","targetHints":{"allow":["GET"]}}],"collection":[{"href":"https:\/\/www.dsdinternational.net\/fr\/wp-json\/wp\/v2\/pages"}],"about":[{"href":"https:\/\/www.dsdinternational.net\/fr\/wp-json\/wp\/v2\/types\/page"}],"author":[{"embeddable":true,"href":"https:\/\/www.dsdinternational.net\/fr\/wp-json\/wp\/v2\/users\/1"}],"replies":[{"embeddable":true,"href":"https:\/\/www.dsdinternational.net\/fr\/wp-json\/wp\/v2\/comments?post=2380"}],"version-history":[{"count":0,"href":"https:\/\/www.dsdinternational.net\/fr\/wp-json\/wp\/v2\/pages\/2380\/revisions"}],"up":[{"embeddable":true,"href":"https:\/\/www.dsdinternational.net\/fr\/wp-json\/wp\/v2\/pages\/2381"}],"wp:attachment":[{"href":"https:\/\/www.dsdinternational.net\/fr\/wp-json\/wp\/v2\/media?parent=2380"}],"curies":[{"name":"wp","href":"https:\/\/api.w.org\/{rel}","templated":true}]}}