{"id":2334,"date":"2014-09-17T10:22:28","date_gmt":"2014-09-17T14:22:28","guid":{"rendered":"http:\/\/web.dsdinnov.whc.ca\/?page_id=2334"},"modified":"2024-08-23T10:49:42","modified_gmt":"2024-08-23T14:49:42","slug":"notre-region","status":"publish","type":"page","link":"https:\/\/www.dsdinternational.net\/fr\/emplois\/notre-region\/","title":{"rendered":"Notre r\u00e9gion"},"content":{"rendered":"<a href=\"\/wp-content\/uploads\/region-2.jpg\"><img loading=\"lazy\" decoding=\"async\" class=\"alignnone wp-image-2520\" src=\"\/wp-content\/uploads\/region-2-1024x624.jpg\" alt=\"Des lacs et des rivi\u00e8res\" width=\"500\" height=\"305\"><\/a><\/p>\n<h6>La R\u00e9gion de Thetford Mines c'est ...<\/h6>\n<p>La R\u00e9gion de Thetford se trouve au c\u0153ur de la cha\u00eene des Appalaches et fait partie int\u00e9grante de la magnifique r\u00e9gion touristique de Chaudi\u00e8re-Appalaches.<\/p>\n<p>Avec sa population de 25 706 habitants (selon le recensement de 2011), Thetford Mines est un centre industriel, d'affaires et de services o\u00f9 l'industrie et l'environnement se marient en toute harmonie.<\/p>\n<p>La grande r\u00e9gion de Thetford est sise aux fronti\u00e8res des Cantons-de-l\u2019Est et de la Beauce. Aux confins de trois r\u00e9gions touristiques, elle est fort bien situ\u00e9e par rapport aux grands centres : \u00e0 approximativement une heure de Qu\u00e9bec, de Sherbrooke, de Victoriaville, de Lac-M\u00e9gantic et de Saint-Georges-de-Beauce, une heure trente de Trois-Rivi\u00e8res et de Drummondville et deux heures trente de Montr\u00e9al.<\/p>\n<p>Tels des secrets bien gard\u00e9s, lacs, rivi\u00e8res, montagnes peuvent \u00eatre explor\u00e9s dans le calme et la s\u00e9r\u00e9nit\u00e9.<\/p>\n<p>Source : <a href=\"https:\/\/regiondethetford.chaudiereappalaches.com\" target=\"_blank\" rel=\"noopener\">Tourisme R\u00e9gion de Thetford<\/a><\/p>\n<div class=\"hr\"><\/div><!-- .hr (end) -->\n<h6>D\u00e9couvrez Thetford Mines&nbsp;via le Web!<\/h6>\n<p>Ville de Thetford Mines<br \/>\n<a href=\"https:\/\/www.villethetford.ca\" target=\"blank\" rel=\"noopener\">www.villethetford.ca<\/a><\/p>\n<p>H\u00e9ritage Centre-Ville<br \/>\n<a href=\"http:\/\/www.heritagecentreville.com\" target=\"blank\" rel=\"noopener\">www.heritagecentreville.com<\/a><\/p>\n<p>Tourisme R\u00e9gion de Thetford&gt;<br \/>\n<a href=\"http:\/\/regiondethetford.chaudiereappalaches.com\" target=\"blank\" rel=\"noopener\">regiondethetford.chaudiereappalaches.com<\/a><\/p>\n<p>R\u00e9gion de Thetford<br \/>\n<a href=\"http:\/\/www.regionthetford.com\" target=\"blank\" rel=\"noopener\">www.regionthetford.com<\/a><\/p>\n<p>Centre int\u00e9gr\u00e9 de sant\u00e9 et de services sociaux de Chaudi\u00e8re-Appalaches<br \/>\n<a href=\"https:\/\/www.cisssca.com\" target=\"blank\" rel=\"noopener\">www.cisssca.com<\/a><\/p>\n<p>C\u00e9gep de&nbsp;Thetford<br \/>\n<a href=\"https:\/\/www.cegepthetford.ca\" target=\"_blank\" rel=\"noopener\">www.cegepthetford.ca<\/a><\/p>\n<p>Journal Courrier Frontenac<br \/>\n<a href=\"http:\/\/www.courrierfrontenac.qc.ca\" target=\"blank\" rel=\"noopener\">www.courrierfrontenac.qc.ca<\/a><\/p>\n<p>&nbsp;<\/p>\n<p><iframe loading=\"lazy\" src=\"\/\/www.youtube.com\/embed\/5RS7dH-QAtg?list=PL6B1818557C1D2259\" width=\"560\" height=\"315\" frameborder=\"0\" allowfullscreen=\"allowfullscreen\"><\/iframe><\/p>\n<p>Source: <a href=\"http:\/\/www.sderegionthetford.com\" target=\"_blank\" rel=\"noopener\">SDE R\u00e9gion de Thetford<\/a>","protected":false},"excerpt":{"rendered":"<p>La R\u00e9gion de Thetford Mines c'est ... La R\u00e9gion de Thetford se trouve au c\u0153ur de la cha\u00eene des Appalaches et fait partie int\u00e9grante de la magnifique r\u00e9gion touristique de Chaudi\u00e8re-Appalaches. Avec sa population de 25 706 habitants (selon le recensement de 2011), Thetford Mines est un centre industriel, d'affaires et de services o\u00f9 l'industrie et l'environnement se marient en&nbsp;<a href=\"https:\/\/www.dsdinternational.net\/fr\/emplois\/notre-region\/\" class=\"read-more\">Lire la suite<\/a><\/p>\n","protected":false},"author":1,"featured_media":0,"parent":2392,"menu_order":0,"comment_status":"closed","ping_status":"closed","template":"page-fullwidth.php","meta":{"footnotes":""},"class_list":["post-2334","page","type-page","status-publish","hentry"],"_links":{"self":[{"href":"https:\/\/www.dsdinternational.net\/fr\/wp-json\/wp\/v2\/pages\/2334","targetHints":{"allow":["GET"]}}],"collection":[{"href":"https:\/\/www.dsdinternational.net\/fr\/wp-json\/wp\/v2\/pages"}],"about":[{"href":"https:\/\/www.dsdinternational.net\/fr\/wp-json\/wp\/v2\/types\/page"}],"author":[{"embeddable":true,"href":"https:\/\/www.dsdinternational.net\/fr\/wp-json\/wp\/v2\/users\/1"}],"replies":[{"embeddable":true,"href":"https:\/\/www.dsdinternational.net\/fr\/wp-json\/wp\/v2\/comments?post=2334"}],"version-history":[{"count":0,"href":"https:\/\/www.dsdinternational.net\/fr\/wp-json\/wp\/v2\/pages\/2334\/revisions"}],"up":[{"embeddable":true,"href":"https:\/\/www.dsdinternational.net\/fr\/wp-json\/wp\/v2\/pages\/2392"}],"wp:attachment":[{"href":"https:\/\/www.dsdinternational.net\/fr\/wp-json\/wp\/v2\/media?parent=2334"}],"curies":[{"name":"wp","href":"https:\/\/api.w.org\/{rel}","templated":true}]}}