{"id":2219,"date":"2014-09-16T11:24:29","date_gmt":"2014-09-16T15:24:29","guid":{"rendered":"http:\/\/web.dsdinnov.whc.ca\/?page_id=2219"},"modified":"2024-08-23T10:50:09","modified_gmt":"2024-08-23T14:50:09","slug":"positions-available","status":"publish","type":"page","link":"https:\/\/www.dsdinternational.net\/fr\/emplois\/postes-disponibles\/","title":{"rendered":"Postes disponibles"},"content":{"rendered":"<a href=\"\/wp-content\/uploads\/dreamstime_2514294.jpg\" target=\"_blank\" rel=\"noopener noreferrer\"><img loading=\"lazy\" decoding=\"async\" class=\"alignnone wp-image-2532\" src=\"\/wp-content\/uploads\/dreamstime_2514294.jpg\" alt=\"dreamstime_2514294\" width=\"500\" height=\"333\" srcset=\"https:\/\/www.dsdinternational.net\/wp-content\/uploads\/dreamstime_2514294.jpg 800w, https:\/\/www.dsdinternational.net\/wp-content\/uploads\/dreamstime_2514294-300x200.jpg 300w, https:\/\/www.dsdinternational.net\/wp-content\/uploads\/dreamstime_2514294-768x511.jpg 768w\" sizes=\"auto, (max-width: 500px) 100vw, 500px\" \/><\/a><\/p>\n<h3>Emplois disponibles<\/h3>\n<p><!--\nDSD International recherche actuellement:\n\n\n<h4>Directeur(trice) de la division ac\u00e9ricole<\/h4>\n\n\n\n\n<ul>\n \t\n\n<li>Sous la supervision de la Pr\u00e9sidente, vous serez responsable de diriger en collaboration avec le Directeur des ventes, toutes les activit\u00e9s relatives aux op\u00e9rations de notre division ac\u00e9ricole, en passant par la production, les ventes, le service \u00e0 la client\u00e8le, le marketing, ainsi que la supervision d\u2019un magasin et entrep\u00f4t corporatif en sol am\u00e9ricain (nord-est des \u00c9tats-Unis).<\/li>\n\n\n \t\n\n<li>Participe \u00e0 la mise en place du plan strat\u00e9gique de d\u00e9veloppement de l\u2019entreprise.<\/li>\n\n\n \t\n\n<li>Responsable de la mise en place du plan marketing et outils marketing du secteur ac\u00e9ricole.<\/li>\n\n\n \t\n\n<li>S\u2019assure d\u2019offrir un service de qualit\u00e9 et de maintenir des relations harmonieuses avec la client\u00e8le et avec les divers partenaires de l\u2019entreprise.<\/li>\n\n\n<\/ul>\n\n\n<a href=\"https:\/\/www.jobillico.com\/fr\/offre-d-emploi\/dsd-international\/directeur-des-operations-acericoles\/1627567\" target=\"_blank\" rel=\"noopener noreferrer\">Consulter l'offre compl\u00e8te<\/a>\n--><br \/>\nPour conna\u00eetre la liste de tous nos emplois disponibles, veuillez consulter nos pages d'emplois. Postulez directement sur nos pages emplois !<\/p>\n<p><a href=\"https:\/\/www.jobillico.com\/voir-entreprise\/dsd-international\" target=\"_blank\" rel=\"noopener noreferrer\"><img loading=\"lazy\" decoding=\"async\" class=\"alignnone wp-image-3030 size-full\" src=\"https:\/\/www.dsdinternational.net\/wp-content\/uploads\/Logo-Jobillico.jpg\" alt=\"Logo-Jobillico\" width=\"275\" height=\"98\" \/><\/a><\/p>\n<p><!--<a href=\"http:\/\/placement.emploiquebec.gouv.qc.ca\" target=\"_blank\" rel=\"noopener noreferrer\"><img loading=\"lazy\" decoding=\"async\" class=\"alignnone wp-image-3030 size-full\" src=\"https:\/\/www.dsdinternational.net\/wp-content\/uploads\/Logo-Emploi-quebec.jpg\" alt=\"Logo-Emploi Qu\u00e9bec\" width=\"275\" height=\"98\"><\/a>--><\/p>\n<p><a href=\"https:\/\/www.guichetemplois.gc.ca\" target=\"_blank\" rel=\"noopener noreferrer\"><img loading=\"lazy\" decoding=\"async\" class=\"alignnone wp-image-3030 size-full\" src=\"https:\/\/www.dsdinternational.net\/wp-content\/uploads\/Logo-Guichet-Emplois.jpg\" alt=\"Logo-Guichet-Emplois Canada\" width=\"275\" height=\"98\" \/><\/a><\/p>\n<hr \/>\n<h3>Postuler<\/h3>\n<p>Pour postuler sur un poste disponible ou nous faire conna\u00eetre votre int\u00e9r\u00eat, faites parvenir votre CV par:<\/p>\n<ul>\n<li>T\u00e9l\u00e9copieur au 418 338-4963<\/li>\n<li>Courriel \u00e0 l'adresse emploi@dsdinternational.net \u00e0 l'attention des Ressources humaines.<\/li>\n<\/ul>\n<p>Seuls (es) les candidats (es) retenus (es) pour une entrevue seront contact\u00e9s (es).<\/p>\n<hr \/>\n<h3>Voyez nos postes en actions<\/h3>\n<h6>Emplois sur une ligne d'extrusion<\/h6>\n<p>Nous offrons plusieurs postes dans le domaine de l'extrusion de plastique.<\/p>\n<div class=\"video-container\">\n<div class=\"youtubevideowrap\"><iframe loading=\"lazy\" src=\"https:\/\/www.youtube.com\/embed\/KLxlRplQWvE?rel=0&amp;showinfo=0\" width=\"300\" height=\"150\" frameborder=\"0\" allowfullscreen=\"allowfullscreen\"><\/iframe><\/div>\n<\/div>\n<p><!--\n\n\n<p style=\"margin-top: 40px;\">Vous pouvez aussi nous envoyer votre CV directement sur via notre site Web.<\/p>\n\n\n\n\n\n<h4>\u00a0<a title=\"Postuler\" href=\"\/fr\/emplois\/postuler\/\">Postuler en ligne d\u00e8s maintenant<\/a><\/h4>\n\n\n--><\/p>\n<hr \/>\n<h6 style=\"margin-top: 40px;\" align=\"justify\">Que vous propose DSD en tant qu\u2019employeur ?<\/h6>\n<p>Si vous aimez travailler dans un milieu o\u00f9 l\u2019innovation, la responsabilit\u00e9 et le travail collectif sont \u00e0 l\u2019honneur, DSD est l\u2019endroit tout indiqu\u00e9 pour vous. Pour atteindre et d\u00e9fendre son rang de meneur de l\u2019industrie nord-am\u00e9ricaine de transformation des plastiques, nous favorisons un milieu de travail o\u00f9 il est possible de donner le meilleur de soi et d\u2019exprimer tout son potentiel.<\/p>\n<p>Faites-nous parvenir votre CV par :<\/p>\n<ul>\n<li>T\u00e9l\u00e9copieur au 418 338-4963<\/li>\n<li>Courriel \u00e0 l'adresse emploi@dsdinternational.net \u00e0 l'attention des Ressources Humaines.","protected":false},"excerpt":{"rendered":"<p>Emplois disponibles Pour conna\u00eetre la liste de tous nos emplois disponibles, veuillez consulter nos pages d'emplois. Postulez directement sur nos pages emplois ! Postuler Pour postuler sur un poste disponible ou nous faire conna\u00eetre votre int\u00e9r\u00eat, faites parvenir votre CV par: T\u00e9l\u00e9copieur au 418 338-4963 Courriel \u00e0 l'adresse emploi@dsdinternational.net \u00e0 l'attention des Ressources humaines. Seuls (es) les candidats (es) retenus&nbsp;<a href=\"https:\/\/www.dsdinternational.net\/fr\/emplois\/postes-disponibles\/\" class=\"read-more\">Lire la suite<\/a><\/p>\n","protected":false},"author":1,"featured_media":0,"parent":2392,"menu_order":0,"comment_status":"closed","ping_status":"closed","template":"page-fullwidth.php","meta":{"footnotes":""},"class_list":["post-2219","page","type-page","status-publish","hentry"],"_links":{"self":[{"href":"https:\/\/www.dsdinternational.net\/fr\/wp-json\/wp\/v2\/pages\/2219","targetHints":{"allow":["GET"]}}],"collection":[{"href":"https:\/\/www.dsdinternational.net\/fr\/wp-json\/wp\/v2\/pages"}],"about":[{"href":"https:\/\/www.dsdinternational.net\/fr\/wp-json\/wp\/v2\/types\/page"}],"author":[{"embeddable":true,"href":"https:\/\/www.dsdinternational.net\/fr\/wp-json\/wp\/v2\/users\/1"}],"replies":[{"embeddable":true,"href":"https:\/\/www.dsdinternational.net\/fr\/wp-json\/wp\/v2\/comments?post=2219"}],"version-history":[{"count":0,"href":"https:\/\/www.dsdinternational.net\/fr\/wp-json\/wp\/v2\/pages\/2219\/revisions"}],"up":[{"embeddable":true,"href":"https:\/\/www.dsdinternational.net\/fr\/wp-json\/wp\/v2\/pages\/2392"}],"wp:attachment":[{"href":"https:\/\/www.dsdinternational.net\/fr\/wp-json\/wp\/v2\/media?parent=2219"}],"curies":[{"name":"wp","href":"https:\/\/api.w.org\/{rel}","templated":true}]}}