{"id":220,"date":"2012-01-18T17:03:20","date_gmt":"2012-01-18T17:03:20","guid":{"rendered":"http:\/\/192.168.9.29\/Development\/TB\/?page_id=220"},"modified":"2022-10-26T11:06:33","modified_gmt":"2022-10-26T15:06:33","slug":"recompenses","status":"publish","type":"page","link":"https:\/\/www.dsdinternational.net\/fr\/profil\/recompenses\/","title":{"rendered":"R\u00e9compenses"},"content":{"rendered":"<div class=\"row \"><div class=\"span12 \"><div class=\"row \"><div class=\"span10 \"><p><a href=\"\/wp-content\/uploads\/dsd-international-zenith2022.jpg\" target=\"_blank\" rel=\"noopener\"><img loading=\"lazy\" decoding=\"async\" class=\"alignleft wp-image-3004\" src=\"\/wp-content\/uploads\/dsd-international-zenith2022.jpg\" alt=\"sonia-vachon-zenith2015\" width=\"630\" height=\"420\"><\/a><\/p>\n<h6>Recherche constante d\u2019am\u00e9lioration<\/h6>\n<p>Depuis sa fondation en 1987, DSD International Inc. recherche constamment l\u2019am\u00e9lioration des produits qu\u2019elle fabrique. Nous nous d\u00e9marquons par nos inventions et les innovations que nous mettons sur le march\u00e9.<\/p>\n<p>Au fil des ann\u00e9es, de nombreux honneurs sont venus r\u00e9compenser le travail accompli par DSD International Inc. de m\u00eame que son propri\u00e9taire et inventeur, M. L\u00e9andre Vachon et sa pr\u00e9sidente Mme Sonia Vachon.<\/p><\/div><\/div> <!-- .row (end) --><\/div><\/div><!-- .row (end) -->\n<div class=\"row \"><div class=\"span12 \"><div class=\"well well-normal\"> <div class=\"row \"> <div class=\"span10 \"><h6>Parmi ceux-ci soulignons:<\/h6>\n<ul class=\"mini-posts-list services\"><li class=\"mini-post-holder clearfix list-item-0\"><figure class=\"featured-thumbnail thumbnail\"><a href=\"https:\/\/www.dsdinternational.net\/fr\/recompenses\/gala-zenith-2022\/\" title=\"Gala Z\u00e9nith 2022\"><img decoding=\"async\" src=\"https:\/\/www.dsdinternational.net\/wp-content\/uploads\/dsd-international-zenith2022-325x250.jpg\" alt=\"Gala Z\u00e9nith 2022\" \/><\/a><\/figure><div class=\"mini-post-content\"><h4><a href=\"https:\/\/www.dsdinternational.net\/fr\/recompenses\/gala-zenith-2022\/\" title=\"Gala Z\u00e9nith 2022\">Gala Z\u00e9nith 2022<\/a><\/h4><div class=\"mini-post-meta\"><\/div><div class=\"excerpt\">DSD International remporte le prix : \"Attraction, int\u00e9gration et r\u00e9tention RH\"<\/div><\/div><\/li><li class=\"mini-post-holder clearfix list-item-1\"><figure class=\"featured-thumbnail thumbnail custom_thumb\"><a href=\"https:\/\/www.dsdinternational.net\/fr\/recompenses\/gala-zenith-2015\/\" title=\"Gala Z\u00e9nith 2015\"><img decoding=\"async\" src=\"https:\/\/www.dsdinternational.net\/wp-content\/uploads\/sonia-vachon-zenith2015-325x250.jpg\" alt=\"Gala Z\u00e9nith 2015\" \/><\/a><\/figure><div class=\"mini-post-content\"><h4><a href=\"https:\/\/www.dsdinternational.net\/fr\/recompenses\/gala-zenith-2015\/\" title=\"Gala Z\u00e9nith 2015\">Gala Z\u00e9nith 2015<\/a><\/h4><div class=\"mini-post-meta\"><\/div><div class=\"excerpt\">Notre pr\u00e9sidente Sonia Vachon s'est d\u00e9marqu\u00e9e lors du gala Z\u00e9nith 2015. Le jury lui a d\u00e9cern\u00e9 les laur\u00e9ats de : \"Personnalit\u00e9 de l\u2019ann\u00e9e 2015\" et \"Femme d'affaires de l'ann\u00e9e 2015\".<\/div><\/div><\/li><li class=\"mini-post-holder clearfix list-item-2\"><figure class=\"featured-thumbnail thumbnail\"><a href=\"https:\/\/www.dsdinternational.net\/fr\/recompenses\/gala-zenith-2012\/\" title=\"Gala Z\u00e9nith 2012\"><img decoding=\"async\" src=\"https:\/\/www.dsdinternational.net\/wp-content\/uploads\/Equipe-325x250.jpg\" alt=\"Gala Z\u00e9nith 2012\" \/><\/a><\/figure><div class=\"mini-post-content\"><h4><a href=\"https:\/\/www.dsdinternational.net\/fr\/recompenses\/gala-zenith-2012\/\" title=\"Gala Z\u00e9nith 2012\">Gala Z\u00e9nith 2012<\/a><\/h4><div class=\"mini-post-meta\"><\/div><div class=\"excerpt\">Prix pour \"Entreprise manufacturi\u00e8re (plus de 40 employ\u00e9s)\" Prix pour \"Entreprise exportatrice\"<\/div><\/div><\/li><li class=\"mini-post-holder clearfix list-item-3\"><figure class=\"featured-thumbnail thumbnail\"><a href=\"https:\/\/www.dsdinternational.net\/fr\/recompenses\/olympiade-industriel\/\" title=\"14e olympiade industrielle et commerciale 1998-1999-2000\"><img decoding=\"async\" src=\"https:\/\/www.dsdinternational.net\/wp-content\/uploads\/Tes-Olympiade_-scaled-325x250.jpg\" alt=\"14e olympiade industrielle et commerciale 1998-1999-2000\" \/><\/a><\/figure><div class=\"mini-post-content\"><h4><a href=\"https:\/\/www.dsdinternational.net\/fr\/recompenses\/olympiade-industriel\/\" title=\"14e olympiade industrielle et commerciale 1998-1999-2000\">14e olympiade industrielle et commerciale 1998-1999-2000<\/a><\/h4><div class=\"mini-post-meta\"><\/div><div class=\"excerpt\">Nouveau produit 1998-99-00 pour le Bec Verseur (BV99US) Remis par le Club d'administration du Canada\u00a0Chap\u00eetre Amiante (Cat\u00e9gorie PME - Industrie)<\/div><\/div><\/li><li class=\"mini-post-holder clearfix list-item-4\"><figure class=\"featured-thumbnail thumbnail\"><a href=\"https:\/\/www.dsdinternational.net\/fr\/recompenses\/habitation-1991\/\" title=\"Innovation Habitation 1991\"><img decoding=\"async\" src=\"https:\/\/www.dsdinternational.net\/wp-content\/uploads\/Tes-Habitation_h-325x250.jpg\" alt=\"Innovation Habitation 1991\" \/><\/a><\/figure><div class=\"mini-post-content\"><h4><a href=\"https:\/\/www.dsdinternational.net\/fr\/recompenses\/habitation-1991\/\" title=\"Innovation Habitation 1991\">Innovation Habitation 1991<\/a><\/h4><div class=\"mini-post-meta\"><\/div><div class=\"excerpt\">Prix Excellence HABITAS - INNOVATION \"Pour le Tuteur+\u00c9cono \" 20e Salon National de l'Habitation et Salon de l'Am\u00e9nagement Ext\u00e9rieur Remis par le Gouvernement du Qu\u00e9bec: Minist\u00e8re de l'Industrie et du Commerce ainsi que la Soci\u00e9t\u00e9 d'habitation du Qu\u00e9bec<\/div><\/div><\/li><li class=\"mini-post-holder clearfix list-item-5\"><figure class=\"featured-thumbnail thumbnail\"><a href=\"https:\/\/www.dsdinternational.net\/fr\/recompenses\/ciim-prix\/\" title=\"CIIM prix d&#8217;excellence 1985\"><img decoding=\"async\" src=\"https:\/\/www.dsdinternational.net\/wp-content\/uploads\/Tes-CIIM-scaled-325x250.jpg\" alt=\"CIIM prix d&#8217;excellence 1985\" \/><\/a><\/figure><div class=\"mini-post-content\"><h4><a href=\"https:\/\/www.dsdinternational.net\/fr\/recompenses\/ciim-prix\/\" title=\"CIIM prix d&#8217;excellence 1985\">CIIM prix d&#8217;excellence 1985<\/a><\/h4><div class=\"mini-post-meta\"><\/div><div class=\"excerpt\">Prix d'excellence du Centre d'innovation industrielle \"Remis pour le Bec Verseur \"<\/div><\/div><\/li><\/ul><!-- .mini-posts-list (end) --><\/div> <\/div> <!-- .row (end) --> <\/div><\/div> <\/div><!-- .row (end) -->\n<div class=\"row \"><div class=\"span12 \"><div class=\"row \"><div class=\"span10 \"><\/div><\/div> <!-- .row (end) --><\/div><\/div><!-- .row (end) -->\n<div class=\"row \"><div class=\"span12 \"><div class=\"well well-normal\"> <div class=\"row \"> <div class=\"span10 \"><\/div> <\/div> <!-- .row (end) --> <\/div><\/div> <\/div><!-- .row (end) -->","protected":false},"excerpt":{"rendered":"","protected":false},"author":1,"featured_media":0,"parent":2381,"menu_order":0,"comment_status":"open","ping_status":"closed","template":"page-fullwidth.php","meta":{"footnotes":""},"class_list":["post-220","page","type-page","status-publish","hentry"],"_links":{"self":[{"href":"https:\/\/www.dsdinternational.net\/fr\/wp-json\/wp\/v2\/pages\/220","targetHints":{"allow":["GET"]}}],"collection":[{"href":"https:\/\/www.dsdinternational.net\/fr\/wp-json\/wp\/v2\/pages"}],"about":[{"href":"https:\/\/www.dsdinternational.net\/fr\/wp-json\/wp\/v2\/types\/page"}],"author":[{"embeddable":true,"href":"https:\/\/www.dsdinternational.net\/fr\/wp-json\/wp\/v2\/users\/1"}],"replies":[{"embeddable":true,"href":"https:\/\/www.dsdinternational.net\/fr\/wp-json\/wp\/v2\/comments?post=220"}],"version-history":[{"count":0,"href":"https:\/\/www.dsdinternational.net\/fr\/wp-json\/wp\/v2\/pages\/220\/revisions"}],"up":[{"embeddable":true,"href":"https:\/\/www.dsdinternational.net\/fr\/wp-json\/wp\/v2\/pages\/2381"}],"wp:attachment":[{"href":"https:\/\/www.dsdinternational.net\/fr\/wp-json\/wp\/v2\/media?parent=220"}],"curies":[{"name":"wp","href":"https:\/\/api.w.org\/{rel}","templated":true}]}}