{"id":2065,"date":"2014-09-10T14:46:27","date_gmt":"2014-09-10T18:46:27","guid":{"rendered":"http:\/\/web.dsdinnov.whc.ca\/?page_id=2065"},"modified":"2023-01-25T11:36:57","modified_gmt":"2023-01-25T16:36:57","slug":"notre-equipe","status":"publish","type":"page","link":"https:\/\/www.dsdinternational.net\/fr\/profil\/notre-equipe\/","title":{"rendered":"Notre \u00e9quipe"},"content":{"rendered":"<div class=\"row \"><div class=\"span12 \"><div class=\"row \"><div class=\"span10 \"><a href=\"\/wp-content\/uploads\/EquipeDSD2022.jpg\" target=\"_blank\" rel=\"noopener\"><img loading=\"lazy\" decoding=\"async\" class=\"alignleft wp-image-3056\" src=\"\/wp-content\/uploads\/EquipeDSD2022.jpg\" alt=\"\u00c9quipe DSD 2022\" width=\"591\" height=\"394\"><\/a><\/p>\n<h4>Une \u00e9quipe passionn\u00e9e<\/h4>\n<p>L\u2019\u00e9quipe de DSD International Inc. est compos\u00e9e de personnes de c\u0153ur qui, par leurs talents et leur exp\u00e9rience, participent activement \u00e0 la croissance de notre entreprise.<br \/>\nNotre \u00e9quipe a le souci de r\u00e9pondre ad\u00e9quatement aux besoins de la client\u00e8le. Nous y arrivons par la fabrication de produits innovateurs. Gr\u00e2ce \u00e0 la technologie de l\u2019injection des mati\u00e8res plastiques, nous produisons des produits de qualit\u00e9 \u00e0 des prix comp\u00e9titifs. Nous demeurons flexibles et \u00e0 l\u2019\u00e9coute des besoins sp\u00e9cifiques de nos clients.<br \/>\nIl y a de la place dans notre \u00e9quipe pour des gens passionn\u00e9s comme vous. Faites partie de notre succ\u00e8s et consultez nos <a title=\"Postes disponibles\" href=\"http:\/\/www.dsdinternational.net\/employment\/positions-available\/\">postes actuellement disponibles<\/a>.<\/p><\/div><\/div> <!-- .row (end) --><\/div><\/div><!-- .row (end) -->\n<div class=\"row \"><div class=\"span12 \"><div class=\"well well-normal\"> <div class=\"row \"> <div class=\"span10 \"><h4>Dirig\u00e9e par une \u00e9quipe dynamique<\/h4>\n<p>Une \u00e9quipe dont le leadership allie comp\u00e9tence et professionnalisme o\u00f9 chacun met \u00e0 profit son \u00e9nergie pour offrir aux clients des produits qui sauront combler, voir m\u00eame exc\u00e9der leurs attentes.<br \/>\n<ul class=\"posts-grid row-fluid unstyled our-team\"><li class=\"span3\"><figure class=\"featured-thumbnail thumbnail\"><a href=\"https:\/\/www.dsdinternational.net\/wp-content\/uploads\/sonia-vachon.jpg\" title=\"Sonia Vachon\" rel=\"prettyPhoto-1496745320[gallery0]\"><img decoding=\"async\" src=\"https:\/\/www.dsdinternational.net\/wp-content\/uploads\/sonia-vachon-300x375.jpg\" alt=\"Sonia Vachon\" \/><span class=\"zoom-icon\"><\/span><\/a><\/figure><div class=\"clear\"><\/div><h5><a href=\"https:\/\/www.dsdinternational.net\/fr\/notre-equipe\/sonia-vachon\/\" title=\"Sonia Vachon\">Sonia Vachon<\/a><\/h5><p class=\"excerpt\"><\/p><\/li><li class=\"span3\"><figure class=\"featured-thumbnail thumbnail\"><a href=\"https:\/\/www.dsdinternational.net\/wp-content\/uploads\/leandre-vachon.jpg\" title=\"L\u00e9andre Vachon\" rel=\"prettyPhoto-1496745320[gallery1]\"><img decoding=\"async\" src=\"https:\/\/www.dsdinternational.net\/wp-content\/uploads\/leandre-vachon-300x375.jpg\" alt=\"L\u00e9andre Vachon\" \/><span class=\"zoom-icon\"><\/span><\/a><\/figure><div class=\"clear\"><\/div><h5><a href=\"https:\/\/www.dsdinternational.net\/fr\/notre-equipe\/leandre-vachon\/\" title=\"L\u00e9andre Vachon\">L\u00e9andre Vachon<\/a><\/h5><p class=\"excerpt\"><\/p><\/li><li class=\"span3\"><figure class=\"featured-thumbnail thumbnail\"><a href=\"https:\/\/www.dsdinternational.net\/wp-content\/uploads\/josee-poudrier.jpg\" title=\"Jos\u00e9e Poudrier\" rel=\"prettyPhoto-1496745320[gallery2]\"><img decoding=\"async\" src=\"https:\/\/www.dsdinternational.net\/wp-content\/uploads\/josee-poudrier-300x375.jpg\" alt=\"Jos\u00e9e Poudrier\" \/><span class=\"zoom-icon\"><\/span><\/a><\/figure><div class=\"clear\"><\/div><h5><a href=\"https:\/\/www.dsdinternational.net\/fr\/notre-equipe\/josee-poudrier\/\" title=\"Jos\u00e9e Poudrier\">Jos\u00e9e Poudrier<\/a><\/h5><p class=\"excerpt\"><\/p><\/li><li class=\"span3\"><figure class=\"featured-thumbnail thumbnail\"><a href=\"https:\/\/www.dsdinternational.net\/wp-content\/uploads\/Sylvain.jpg\" title=\"Sylvain Lessard\" rel=\"prettyPhoto-1496745320[gallery3]\"><img decoding=\"async\" src=\"https:\/\/www.dsdinternational.net\/wp-content\/uploads\/Sylvain-300x375.jpg\" alt=\"Sylvain Lessard\" \/><span class=\"zoom-icon\"><\/span><\/a><\/figure><div class=\"clear\"><\/div><h5><a href=\"https:\/\/www.dsdinternational.net\/fr\/notre-equipe\/sylvain-lessard\/\" title=\"Sylvain Lessard\">Sylvain Lessard<\/a><\/h5><p class=\"excerpt\"><\/p><\/li><\/ul><!-- .posts-grid (end) --><ul class=\"posts-grid row-fluid unstyled our-team\"><li class=\"span3\"><figure class=\"featured-thumbnail thumbnail\"><a href=\"https:\/\/www.dsdinternational.net\/wp-content\/uploads\/stephan-lessard.jpg\" title=\"Stephan Lessard\" rel=\"prettyPhoto-1496745320[gallery4]\"><img decoding=\"async\" src=\"https:\/\/www.dsdinternational.net\/wp-content\/uploads\/stephan-lessard-300x375.jpg\" alt=\"Stephan Lessard\" \/><span class=\"zoom-icon\"><\/span><\/a><\/figure><div class=\"clear\"><\/div><h5><a href=\"https:\/\/www.dsdinternational.net\/fr\/notre-equipe\/stephan-lessard\/\" title=\"Stephan Lessard\">Stephan Lessard<\/a><\/h5><p class=\"excerpt\"><\/p><\/li><li class=\"span3\"><figure class=\"featured-thumbnail thumbnail\"><a href=\"https:\/\/www.dsdinternational.net\/wp-content\/uploads\/roberto-vachon.jpg\" title=\"Roberto Vachon\" rel=\"prettyPhoto-1496745320\"><img decoding=\"async\"  src=\"https:\/\/www.dsdinternational.net\/wp-content\/uploads\/roberto-vachon-300x375.jpg\" alt=\"Roberto Vachon\" \/><span class=\"zoom-icon\"><\/span><\/a><\/figure><div class=\"clear\"><\/div><h5><a href=\"https:\/\/www.dsdinternational.net\/fr\/notre-equipe\/roberto-vachon\/\" title=\"Roberto Vachon\">Roberto Vachon<\/a><\/h5><p class=\"excerpt\"><\/p><\/li><\/ul><\/div> <\/div> <!-- .row (end) --> <\/div><\/div> <\/div><!-- .row (end) -->","protected":false},"excerpt":{"rendered":"","protected":false},"author":1,"featured_media":0,"parent":2381,"menu_order":0,"comment_status":"closed","ping_status":"closed","template":"page-fullwidth.php","meta":{"footnotes":""},"class_list":["post-2065","page","type-page","status-publish","hentry"],"_links":{"self":[{"href":"https:\/\/www.dsdinternational.net\/fr\/wp-json\/wp\/v2\/pages\/2065","targetHints":{"allow":["GET"]}}],"collection":[{"href":"https:\/\/www.dsdinternational.net\/fr\/wp-json\/wp\/v2\/pages"}],"about":[{"href":"https:\/\/www.dsdinternational.net\/fr\/wp-json\/wp\/v2\/types\/page"}],"author":[{"embeddable":true,"href":"https:\/\/www.dsdinternational.net\/fr\/wp-json\/wp\/v2\/users\/1"}],"replies":[{"embeddable":true,"href":"https:\/\/www.dsdinternational.net\/fr\/wp-json\/wp\/v2\/comments?post=2065"}],"version-history":[{"count":0,"href":"https:\/\/www.dsdinternational.net\/fr\/wp-json\/wp\/v2\/pages\/2065\/revisions"}],"up":[{"embeddable":true,"href":"https:\/\/www.dsdinternational.net\/fr\/wp-json\/wp\/v2\/pages\/2381"}],"wp:attachment":[{"href":"https:\/\/www.dsdinternational.net\/fr\/wp-json\/wp\/v2\/media?parent=2065"}],"curies":[{"name":"wp","href":"https:\/\/api.w.org\/{rel}","templated":true}]}}