{"id":1915,"date":"2011-07-14T19:45:42","date_gmt":"2011-07-14T19:45:42","guid":{"rendered":"http:\/\/192.168.9.29\/Development\/TB\/?page_id=7"},"modified":"2019-01-08T12:39:09","modified_gmt":"2019-01-08T17:39:09","slug":"our-products","status":"publish","type":"page","link":"https:\/\/www.dsdinternational.net\/fr\/nos-produits\/","title":{"rendered":"Nos produits"},"content":{"rendered":"<div class=\"span12 \"><ul class=\"posts-grid row-fluid unstyled services\">\n<li class=\"span4\">\n<figure class=\"featured-thumbnail thumbnail\"><a title=\"Ac\u00e9riculture\" href=\"\/fr\/nos-produits\/acericulture\/\"><img decoding=\"async\" src=\"\/wp-content\/uploads\/Cat_MapleSugaring-400x225.jpg\" alt=\"Ac\u00e9riculture\" \/><\/a><\/figure>\n<div class=\"clear\"><\/div>\n<h5><a title=\"Ac\u00e9riculture\" href=\"\/fr\/nos-produits\/acericulture\/\">Ac\u00e9riculture<\/a><\/h5>\n<p>La production ac\u00e9ricole est une vieille activit\u00e9 agricole en Am\u00e9rique du nord. Elle utilise des techniques traditionnelles souvent combin\u00e9es \u00e0 des technologies modernes.<\/p>\n<\/li>\n<li class=\"span4\">\n<figure class=\"featured-thumbnail thumbnail\"><a title=\"Tuiles Multiusages\" href=\"\/fr\/nos-produits\/tuiles-multiusages\/\"><img decoding=\"async\" src=\"\/wp-content\/uploads\/Cat_Tiles-400x225.jpg\" alt=\"Tuiles Multiusages\" \/><\/a><\/figure>\n<div class=\"clear\"><\/div>\n<h5><a title=\"Tuiles Multiusages href=\"\/fr\/nos-produits\/tuiles-multiusages\/\">Tuiles Multiusages<\/a><\/h5>\n<p>DSD International manufacture et distribue une gamme de tuiles novatrices multiusages pour utilisations sportives, industrielles, commerciales et r\u00e9sidentielles.<\/p>\n<\/li>\n<li class=\"span4\">\n<figure class=\"featured-thumbnail thumbnail\"><a title=\"Solution d\u2019affichage\" href=\"\/fr\/nos-produits\/solution-affichage\/\"><img decoding=\"async\" src=\"\/wp-content\/uploads\/Cat_Signage-400x225.jpg\" alt=\"Solution d\u2019affichage\" \/><\/a><\/figure>\n<div class=\"clear\"><\/div>\n<h5><a title=\"Solution d\u2019affichage\" href=\"\/fr\/nos-produits\/solution-affichage\/\">Solution d\u2019affichage<\/a><\/h5>\n<p>L\u2019un des secteurs d\u2019activit\u00e9 desservi par DSD International Inc. est le secteur horticole. C\u2019est pourquoi nous avons une relation privil\u00e9gi\u00e9e avec les centres de jardins, p\u00e9pini\u00e8res et amants professionnels ou amateurs de plantes.<\/p>\n<\/li>\n<p><!--\n \t\n\n<li class=\"span4\">\n\n<figure class=\"featured-thumbnail thumbnail\"><a title=\"Horticulture\" href=\"\/fr\/nos-produits\/horticulture\/\"><img decoding=\"async\" src=\"\/wp-content\/uploads\/Cat_Lawengarden-400x225.jpg\" alt=\"Horticulture\" \/><\/a><\/figure>\n\n\n\n\n<div class=\"clear\"><\/div>\n\n\n\n\n<h5><a title=\"Horticulture\" href=\"\/fr\/nos-produits\/horticulture\/\">Horticulture<\/a><\/h5>\n\n\n\n<p>DSD fabrique et distribue une gamme de produits d\u2019horticulture unique et r\u00e9volutionnaire, id\u00e9ale pour les passionn\u00e9s d\u2019horticulture de tous \u00e2ges!<\/p>\n\n\n\n<\/li>\n\n\n-->\n \t<\/ul>\n<p><!-- .posts-grid (end) --><\/p>\n<ul class=\"posts-grid row-fluid unstyled services\">\n<li class=\"span4\">\n<figure class=\"featured-thumbnail thumbnail\"><a title=\"S\u00e9curit\u00e9 et environnement\" href=\"\/fr\/nos-produits\/securite-environnement\/\"><img decoding=\"async\" src=\"\/wp-content\/uploads\/Cat_Security-400x225.jpg\" alt=\"S\u00e9curit\u00e9 et environnement\" \/><\/a><\/figure>\n<div class=\"clear\"><\/div>\n<h5><a title=\"S\u00e9curit\u00e9 et environnement\" href=\"\/fr\/nos-produits\/securite-environnement\/\">S\u00e9curit\u00e9 et environnement<\/a><\/h5>\n<p>Saviez-vous que l\u2019\u00e9vaporation d\u2019essence et les d\u00e9bordements sont en partie responsables du r\u00e9chauffement de la plan\u00e8te?<\/p>\n<\/li>\n<\/ul>\n<p>&nbsp;<\/p><\/div>","protected":false},"excerpt":{"rendered":"<p>D\u00e9sol\u00e9, cet article est seulement disponible en English.<\/p>\n","protected":false},"author":1,"featured_media":0,"parent":0,"menu_order":1,"comment_status":"open","ping_status":"open","template":"page-fullwidth.php","meta":{"footnotes":""},"class_list":["post-1915","page","type-page","status-publish","hentry"],"_links":{"self":[{"href":"https:\/\/www.dsdinternational.net\/fr\/wp-json\/wp\/v2\/pages\/1915","targetHints":{"allow":["GET"]}}],"collection":[{"href":"https:\/\/www.dsdinternational.net\/fr\/wp-json\/wp\/v2\/pages"}],"about":[{"href":"https:\/\/www.dsdinternational.net\/fr\/wp-json\/wp\/v2\/types\/page"}],"author":[{"embeddable":true,"href":"https:\/\/www.dsdinternational.net\/fr\/wp-json\/wp\/v2\/users\/1"}],"replies":[{"embeddable":true,"href":"https:\/\/www.dsdinternational.net\/fr\/wp-json\/wp\/v2\/comments?post=1915"}],"version-history":[{"count":0,"href":"https:\/\/www.dsdinternational.net\/fr\/wp-json\/wp\/v2\/pages\/1915\/revisions"}],"wp:attachment":[{"href":"https:\/\/www.dsdinternational.net\/fr\/wp-json\/wp\/v2\/media?parent=1915"}],"curies":[{"name":"wp","href":"https:\/\/api.w.org\/{rel}","templated":true}]}}