{"id":1797,"date":"2011-07-14T19:45:29","date_gmt":"2011-07-14T19:45:29","guid":{"rendered":"http:\/\/192.168.9.29\/Development\/TB\/?page_id=5"},"modified":"2023-04-06T12:50:28","modified_gmt":"2023-04-06T16:50:28","slug":"mission","status":"publish","type":"page","link":"https:\/\/www.dsdinternational.net\/fr\/profil\/mission\/","title":{"rendered":"Mission"},"content":{"rendered":"<div class=\"row \"><div class=\"span12 \"><div class=\"row \"><div class=\"span10 \"><p><strong><img loading=\"lazy\" decoding=\"async\" class=\"alignleft wp-image-2656\" src=\"\/wp-content\/uploads\/mission.jpg\" alt=\"\" width=\"500\" height=\"350\" srcset=\"https:\/\/www.dsdinternational.net\/wp-content\/uploads\/mission.jpg 641w, https:\/\/www.dsdinternational.net\/wp-content\/uploads\/mission-300x210.jpg 300w\" sizes=\"auto, (max-width: 500px) 100vw, 500px\" \/><\/strong><\/p>\n<p>&nbsp;<\/p>\n<p>&nbsp;<\/p>\n<p>&nbsp;<\/p>\n<p>&nbsp;<\/p>\n<p>&nbsp;<\/p>\n<p>&nbsp;<\/p>\n<p>&nbsp;<\/p>\n<h6>Nous nous engageons \u00e0 l'excellence<\/h6>\n<p>DSD International Inc. s\u2019engage sans cesse \u00e0 d\u00e9velopper de nouveaux produits innovateurs et \u00e0 produire, \u00e0 partir de la technologie d\u2019injection des mati\u00e8res plastiques, des composantes d\u2019une qualit\u00e9 sup\u00e9rieure \u00e0 des prix comp\u00e9titifs. Nous nous engageons aussi \u00e0 rester \u00e0 l\u2019\u00e9coute et au service des besoins sp\u00e9cifiques de nos clients.<\/p><\/div><\/div> <!-- .row (end) --><\/div><\/div><!-- .row (end) -->\n<div class=\"row \"><div class=\"span12 \"><div class=\"well well-normal\"> <div class=\"row \"> <div class=\"span10 \"><h6>Nos valeurs fondamentales:<\/h6>\n<h3>PROTECTION ET RESPECT DE L\u2019ENVIRONNEMENT ET DE L\u2019\u00caTRE HUMAIN<\/h3>\n<p>Nous sommes fiers d\u2019offrir \u00e0 notre client\u00e8le des produits visant \u00e0 r\u00e9duire l\u2019impact de l\u2019homme sur l\u2019environnement :<\/p>\n<ul>\n<li>R\u00e9duction de la pollution de l\u2019air en limitant les \u00e9vaporations et d\u00e9bordements de produits p\u00e9troliers;<\/li>\n<li>Protection des ressources d\u2019eau potable par la gestion des eaux pluviales;<\/li>\n<li>Protection du sol contre l\u2019usage de produits chimiques, p\u00e9troliers et herbicides.<\/li>\n<\/ul>\n<h3><\/h3>\n<h3>R\u00c9DUIRE L\u2019IMPACT DE NOTRE ENTREPRISE SUR L\u2019ENVIRONNEMENT<\/h3>\n<p>Fabriquer des produits dans un environnement sain o\u00f9 la r\u00e9cup\u00e9ration fait loi. L\u2019\u00e9quipe de DSD d\u00e9ploie d\u2019importants efforts pour r\u00e9duire au maximum son impact sur l\u2019environnement :<\/p>\n<ul>\n<li>En recyclant tous les mat\u00e9riaux utilis\u00e9s dans la fabrication de ses produits (mati\u00e8res plastiques, acier, papier, carton, etc.);<\/li>\n<li>En appliquant dans notre entreprise une politique de d\u00e9chets z\u00e9ro, consistant \u00e0 r\u00e9duire au minimum les d\u00e9chets;<\/li>\n<li>En portant une attention particuli\u00e8re \u00e0 la propret\u00e9 des espaces de travail et en utilisant des produits de nettoyage biod\u00e9gradables.<\/li>\n<\/ul>\n<h3>ENGAGEMENT SOCIAL<\/h3>\n<p>En tant que citoyen corporatif, nous &nbsp;sommes conscients de l\u2019impact que nous avons dans la collectivit\u00e9. C\u2019est pourquoi nous acceptons cette responsabilit\u00e9 en mettant en place une politique respectueuse de nos partenaires que ce soit nos employ\u00e9s, nos fournisseurs, nos clients ainsi que de notre belle r\u00e9gion. Nous prenons l\u2019engagement de :<\/p>\n<ul>\n<li>D\u00e9velopper et fabriquer des produits de qualit\u00e9 \u00e0 prix comp\u00e9titifs tout en assurant des emplois aux quatre coins de l\u2019Am\u00e9rique du Nord;<\/li>\n<li>D\u00e9velopper le potentiel de chaque individu \u00e0 travers ses forces et ses aptitudes;<\/li>\n<li>Former une main-d\u2019\u0153uvre professionnelle, qualifi\u00e9e et engag\u00e9e;<\/li>\n<li>Redonner \u00e0 la soci\u00e9t\u00e9 en contribuant \u00e0 des <a title=\"Engagements sociaux\" href=\"\/profil\/engagements-sociaux\/\">causes sociales<\/a> qui nous tiennent \u00e0 c\u0153ur!<\/li>\n<\/ul>\n<h3>NOS CLIENTS, NOTRE RAISON D\u2019EXISTER!<\/h3>\n<p>L\u2019\u00e9quipe DSD est reconnue pour la qualit\u00e9 de son service \u00e0 la client\u00e8le et s\u2019assure d\u2019\u00eatre constamment \u00e0 l\u2019\u00e9coute des besoins sp\u00e9cifiques de ses clients de fa\u00e7on \u00e0 contribuer positivement \u00e0 leur r\u00e9ussite.<\/p><\/div> <\/div> <!-- .row (end) --> <\/div><\/div> <\/div><!-- .row (end) -->","protected":false},"excerpt":{"rendered":"","protected":false},"author":1,"featured_media":0,"parent":2381,"menu_order":1,"comment_status":"open","ping_status":"open","template":"page-fullwidth.php","meta":{"footnotes":""},"class_list":["post-1797","page","type-page","status-publish","hentry"],"_links":{"self":[{"href":"https:\/\/www.dsdinternational.net\/fr\/wp-json\/wp\/v2\/pages\/1797","targetHints":{"allow":["GET"]}}],"collection":[{"href":"https:\/\/www.dsdinternational.net\/fr\/wp-json\/wp\/v2\/pages"}],"about":[{"href":"https:\/\/www.dsdinternational.net\/fr\/wp-json\/wp\/v2\/types\/page"}],"author":[{"embeddable":true,"href":"https:\/\/www.dsdinternational.net\/fr\/wp-json\/wp\/v2\/users\/1"}],"replies":[{"embeddable":true,"href":"https:\/\/www.dsdinternational.net\/fr\/wp-json\/wp\/v2\/comments?post=1797"}],"version-history":[{"count":0,"href":"https:\/\/www.dsdinternational.net\/fr\/wp-json\/wp\/v2\/pages\/1797\/revisions"}],"up":[{"embeddable":true,"href":"https:\/\/www.dsdinternational.net\/fr\/wp-json\/wp\/v2\/pages\/2381"}],"wp:attachment":[{"href":"https:\/\/www.dsdinternational.net\/fr\/wp-json\/wp\/v2\/media?parent=1797"}],"curies":[{"name":"wp","href":"https:\/\/api.w.org\/{rel}","templated":true}]}}